{"id":1112,"date":"2025-10-08T16:07:21","date_gmt":"2025-10-08T16:07:21","guid":{"rendered":"https:\/\/www.sylvanelle.fr\/?post_type=product&#038;p=1112"},"modified":"2026-02-12T20:32:32","modified_gmt":"2026-02-12T20:32:32","slug":"sac-ruby-velours-caramel","status":"publish","type":"product","link":"https:\/\/www.sylvanelle.fr\/index.php\/produit\/sac-ruby-velours-caramel\/","title":{"rendered":"Sac \u00e0 main Ruby en velours caramel"},"content":{"rendered":"<div class=\"woocommerce-tabs wc-tabs-wrapper\">\n<div id=\"tab-description\" class=\"woocommerce-Tabs-panel woocommerce-Tabs-panel--description panel entry-content wc-tab\" role=\"tabpanel\" aria-labelledby=\"tab-title-description\">\n<p><strong><img decoding=\"async\" class=\"emoji\" role=\"img\" draggable=\"false\" src=\"https:\/\/s.w.org\/images\/core\/emoji\/17.0.2\/svg\/1f33f.svg\" alt=\"\ud83c\udf3f\" \/> Composition :<\/strong><\/p>\n<ul>\n<li>Tissu ext\u00e9rieur : 100% coton<\/li>\n<li>Rembourrage : polyester<\/li>\n<li>Tissu int\u00e9rieur : 100% coton<\/li>\n<\/ul>\n<p><strong><img decoding=\"async\" class=\"emoji\" role=\"img\" draggable=\"false\" src=\"https:\/\/s.w.org\/images\/core\/emoji\/17.0.2\/svg\/1f4cf.svg\" alt=\"\ud83d\udccf\" \/> Dimensions : <\/strong>28 x 6 x 14 cm<\/p>\n<p><strong><img decoding=\"async\" class=\"emoji\" role=\"img\" draggable=\"false\" src=\"https:\/\/s.w.org\/images\/core\/emoji\/17.0.2\/svg\/1f9fc.svg\" alt=\"\ud83e\uddfc\" \/> Conseil d\u2019entretien :<\/strong> lavage en machine \u00e0 30\u00b0 maximum, rin\u00e7age et essorage r\u00e9duit. S\u00e9chage en machine \u00e0 proscrire. Pas de lavage \u00e0 sec. Se repasse au fer froid, sans vapeur (110\u00b0).<\/p>\n<p><strong><img decoding=\"async\" class=\"emoji\" role=\"img\" draggable=\"false\" src=\"https:\/\/s.w.org\/images\/core\/emoji\/17.0.2\/svg\/1f48c.svg\" alt=\"\ud83d\udc8c\" \/> Article fabriqu\u00e9 avec le coeur sp\u00e9cialement pour vous.<\/strong><\/p>\n<\/div>\n<\/div>\n<div class=\"wcz-product-reviews wcz-reviewsdiv-none \">\n<div class=\"wcz-inner\"><\/div>\n<\/div>\n","protected":false},"excerpt":{"rendered":"<p data-start=\"193\" data-end=\"332\">Le sac \u00e0 main Ruby personnalisable est une pi\u00e8ce \u00e9l\u00e9gante et minimaliste pens\u00e9e pour accompagner votre quotidien avec style et l\u00e9g\u00e8ret\u00e9.<\/p>\n<p data-start=\"334\" data-end=\"466\">Gr\u00e2ce \u00e0 sa bandouli\u00e8re r\u00e9glable, il se porte aussi bien \u00e0 l\u2019\u00e9paule qu\u2019en bandouli\u00e8re pour s\u2019adapter \u00e0 vos envies et \u00e0 votre rythme.<\/p>\n<p data-start=\"649\" data-end=\"684\"><strong><img decoding=\"async\" class=\"emoji\" role=\"img\" draggable=\"false\" src=\"https:\/\/s.w.org\/images\/core\/emoji\/17.0.2\/svg\/2728.svg\" alt=\"\u2728\" \/> Un sac \u00e9l\u00e9gant et fonctionnel<\/strong><\/p>\n<p data-start=\"686\" data-end=\"732\">Le mod\u00e8le Ruby allie esth\u00e9tisme et praticit\u00e9 :<\/p>\n<ul>\n<li data-start=\"736\" data-end=\"784\">Fermeture zipp\u00e9e pour s\u00e9curiser vos essentiels<\/li>\n<li data-start=\"787\" data-end=\"859\">Deux poches int\u00e9rieures pour organiser t\u00e9l\u00e9phone, cl\u00e9s et portefeuille<\/li>\n<li data-start=\"862\" data-end=\"894\">Format id\u00e9al pour le quotidien<\/li>\n<li data-start=\"897\" data-end=\"944\">Bandouli\u00e8re ajustable pour un confort optimal<\/li>\n<\/ul>\n<p data-start=\"946\" data-end=\"1024\">Son design \u00e9pur\u00e9 en fait un intemporel, facile \u00e0 associer \u00e0 toutes vos tenues.<\/p>\n<p data-start=\"1739\" data-end=\"1783\"><strong><img decoding=\"async\" class=\"emoji\" role=\"img\" draggable=\"false\" src=\"https:\/\/s.w.org\/images\/core\/emoji\/17.0.2\/svg\/1f33f.svg\" alt=\"\ud83c\udf3f\" \/> Une cr\u00e9ation artisanale sur-mesure<\/strong><\/p>\n<ul>\n<li data-start=\"1786\" data-end=\"1819\">Confection artisanale en France<\/li>\n<li data-start=\"1822\" data-end=\"1856\">Large choix de tissus et coloris<\/li>\n<li data-start=\"1859\" data-end=\"1896\">Association de 2 tissus au choix<\/li>\n<\/ul>\n<p><img decoding=\"async\" class=\"emoji\" role=\"img\" draggable=\"false\" src=\"https:\/\/s.w.org\/images\/core\/emoji\/17.0.2\/svg\/1f49a.svg\" alt=\"\ud83d\udc9a\" \/> Chaque cr\u00e9ation est confectionn\u00e9e \u00e0 la main sp\u00e9cialement pour vous.<\/p>\n<p><strong><img decoding=\"async\" class=\"emoji\" role=\"img\" draggable=\"false\" src=\"https:\/\/s.w.org\/images\/core\/emoji\/17.0.2\/svg\/23f3.svg\" alt=\"\u23f3\" \/> D\u00e9lai de fabrication : 2 \u00e0 4 semaines.<\/strong><\/p>\n<p data-start=\"1196\" data-end=\"1229\"><strong><img decoding=\"async\" class=\"emoji\" role=\"img\" draggable=\"false\" src=\"https:\/\/s.w.org\/images\/core\/emoji\/17.0.2\/svg\/1f49a.svg\" alt=\"\ud83d\udc9a\" \/> Envie d\u2019un autre coloris ?<\/strong><\/p>\n<p data-start=\"1231\" data-end=\"1391\">Si ce velours caramel ne correspond pas \u00e0 votre coup de c\u0153ur, vous pouvez cr\u00e9er votre propre <a href=\"https:\/\/www.sylvanelle.fr\/index.php\/produit\/sac-ruby-personnalisable\/\">sac \u00e0 main personnalis\u00e9<\/a> en choisissant vos tissus dans la <a href=\"https:\/\/www.sylvanelle.fr\/index.php\/tissutheque\/\">tissuth\u00e8que<\/a>.<\/p>\n","protected":false},"featured_media":1087,"comment_status":"open","ping_status":"closed","template":"","meta":{"site-sidebar-layout":"default","site-content-layout":"","ast-site-content-layout":"default","site-content-style":"default","site-sidebar-style":"default","ast-global-header-display":"","ast-banner-title-visibility":"","ast-main-header-display":"","ast-hfb-above-header-display":"","ast-hfb-below-header-display":"","ast-hfb-mobile-header-display":"","site-post-title":"","ast-breadcrumbs-content":"","ast-featured-img":"","footer-sml-layout":"","ast-disable-related-posts":"","theme-transparent-header-meta":"default","adv-header-id-meta":"","stick-header-meta":"","header-above-stick-meta":"","header-main-stick-meta":"","header-below-stick-meta":"","astra-migrate-meta-layouts":"set","ast-page-background-enabled":"default","ast-page-background-meta":{"desktop":{"background-color":"var(--ast-global-color-5)","background-image":"","background-repeat":"repeat","background-position":"center center","background-size":"auto","background-attachment":"scroll","background-type":"","background-media":"","overlay-type":"","overlay-color":"","overlay-opacity":"","overlay-gradient":""},"tablet":{"background-color":"","background-image":"","background-repeat":"repeat","background-position":"center center","background-size":"auto","background-attachment":"scroll","background-type":"","background-media":"","overlay-type":"","overlay-color":"","overlay-opacity":"","overlay-gradient":""},"mobile":{"background-color":"","background-image":"","background-repeat":"repeat","background-position":"center center","background-size":"auto","background-attachment":"scroll","background-type":"","background-media":"","overlay-type":"","overlay-color":"","overlay-opacity":"","overlay-gradient":""}},"ast-content-background-meta":{"desktop":{"background-color":"var(--ast-global-color-4)","background-image":"","background-repeat":"repeat","background-position":"center center","background-size":"auto","background-attachment":"scroll","background-type":"","background-media":"","overlay-type":"","overlay-color":"","overlay-opacity":"","overlay-gradient":""},"tablet":{"background-color":"var(--ast-global-color-4)","background-image":"","background-repeat":"repeat","background-position":"center center","background-size":"auto","background-attachment":"scroll","background-type":"","background-media":"","overlay-type":"","overlay-color":"","overlay-opacity":"","overlay-gradient":""},"mobile":{"background-color":"var(--ast-global-color-4)","background-image":"","background-repeat":"repeat","background-position":"center center","background-size":"auto","background-attachment":"scroll","background-type":"","background-media":"","overlay-type":"","overlay-color":"","overlay-opacity":"","overlay-gradient":""}}},"product_brand":[],"product_cat":[24],"product_tag":[],"class_list":{"0":"post-1112","1":"product","2":"type-product","3":"status-publish","4":"has-post-thumbnail","6":"product_cat-sac-a-main-ruby","7":"product_shipping_class-colis-leger","8":"desktop-align-center","9":"tablet-align-left","10":"mobile-align-center","12":"first","13":"instock","14":"shipping-taxable","15":"purchasable","16":"product-type-simple"},"yoast_head":"<!-- This site is optimized with the Yoast SEO plugin v27.3 - https:\/\/yoast.com\/product\/yoast-seo-wordpress\/ -->\n<title>Sac \u00e0 main Ruby en velours caramel | Sylvanelle<\/title>\n<meta name=\"robots\" content=\"index, follow, max-snippet:-1, max-image-preview:large, max-video-preview:-1\" \/>\n<link rel=\"canonical\" href=\"https:\/\/www.sylvanelle.fr\/index.php\/produit\/sac-ruby-velours-caramel\/\" \/>\n<meta property=\"og:locale\" content=\"fr_FR\" \/>\n<meta property=\"og:type\" content=\"article\" \/>\n<meta property=\"og:title\" content=\"Sac \u00e0 main Ruby en velours caramel | Sylvanelle\" \/>\n<meta property=\"og:description\" content=\"Le sac \u00e0 main Ruby personnalisable est une pi\u00e8ce \u00e9l\u00e9gante et minimaliste pens\u00e9e pour accompagner votre quotidien avec style et l\u00e9g\u00e8ret\u00e9. Gr\u00e2ce \u00e0 sa bandouli\u00e8re r\u00e9glable, il se porte aussi bien \u00e0 l\u2019\u00e9paule qu\u2019en bandouli\u00e8re pour s\u2019adapter \u00e0 vos envies et \u00e0 votre rythme.  Un sac \u00e9l\u00e9gant et fonctionnel Le mod\u00e8le Ruby allie esth\u00e9tisme et praticit\u00e9 :    Fermeture zipp\u00e9e pour s\u00e9curiser vos essentiels  Deux poches int\u00e9rieures pour organiser t\u00e9l\u00e9phone, cl\u00e9s et portefeuille  Format id\u00e9al pour le quotidien  Bandouli\u00e8re ajustable pour un confort optimal  Son design \u00e9pur\u00e9 en fait un intemporel, facile \u00e0 associer \u00e0 toutes vos tenues.  Une cr\u00e9ation artisanale sur-mesure    Confection artisanale en France  Large choix de tissus et coloris  Association de 2 tissus au choix   Chaque cr\u00e9ation est confectionn\u00e9e \u00e0 la main sp\u00e9cialement pour vous.   D\u00e9lai de fabrication : 2 \u00e0 4 semaines.  Envie d\u2019un autre coloris ? Si ce velours caramel ne correspond pas \u00e0 votre coup de c\u0153ur, vous pouvez cr\u00e9er votre propre sac \u00e0 main personnalis\u00e9 en choisissant vos tissus dans la tissuth\u00e8que.\" \/>\n<meta property=\"og:url\" content=\"https:\/\/www.sylvanelle.fr\/index.php\/produit\/sac-ruby-velours-caramel\/\" \/>\n<meta property=\"og:site_name\" content=\"Sylvanelle\" \/>\n<meta property=\"article:modified_time\" content=\"2026-02-12T20:32:32+00:00\" \/>\n<meta property=\"og:image\" content=\"https:\/\/www.sylvanelle.fr\/wp-content\/uploads\/2025\/10\/DSC_0212.jpg\" \/>\n\t<meta property=\"og:image:width\" content=\"1365\" \/>\n\t<meta property=\"og:image:height\" content=\"2048\" \/>\n\t<meta property=\"og:image:type\" content=\"image\/jpeg\" \/>\n<meta name=\"twitter:card\" content=\"summary_large_image\" \/>\n<meta name=\"twitter:label1\" content=\"Dur\u00e9e de lecture estim\u00e9e\" \/>\n\t<meta name=\"twitter:data1\" content=\"2 minutes\" \/>\n<script type=\"application\/ld+json\" class=\"yoast-schema-graph\">{\"@context\":\"https:\\\/\\\/schema.org\",\"@graph\":[{\"@type\":\"WebPage\",\"@id\":\"https:\\\/\\\/www.sylvanelle.fr\\\/index.php\\\/produit\\\/sac-ruby-velours-caramel\\\/\",\"url\":\"https:\\\/\\\/www.sylvanelle.fr\\\/index.php\\\/produit\\\/sac-ruby-velours-caramel\\\/\",\"name\":\"Sac \u00e0 main Ruby en velours caramel | Sylvanelle\",\"isPartOf\":{\"@id\":\"https:\\\/\\\/www.sylvanelle.fr\\\/#website\"},\"primaryImageOfPage\":{\"@id\":\"https:\\\/\\\/www.sylvanelle.fr\\\/index.php\\\/produit\\\/sac-ruby-velours-caramel\\\/#primaryimage\"},\"image\":{\"@id\":\"https:\\\/\\\/www.sylvanelle.fr\\\/index.php\\\/produit\\\/sac-ruby-velours-caramel\\\/#primaryimage\"},\"thumbnailUrl\":\"https:\\\/\\\/www.sylvanelle.fr\\\/wp-content\\\/uploads\\\/2025\\\/10\\\/DSC_0212.jpg\",\"datePublished\":\"2025-10-08T16:07:21+00:00\",\"dateModified\":\"2026-02-12T20:32:32+00:00\",\"breadcrumb\":{\"@id\":\"https:\\\/\\\/www.sylvanelle.fr\\\/index.php\\\/produit\\\/sac-ruby-velours-caramel\\\/#breadcrumb\"},\"inLanguage\":\"fr-FR\",\"potentialAction\":[{\"@type\":\"ReadAction\",\"target\":[\"https:\\\/\\\/www.sylvanelle.fr\\\/index.php\\\/produit\\\/sac-ruby-velours-caramel\\\/\"]}]},{\"@type\":\"ImageObject\",\"inLanguage\":\"fr-FR\",\"@id\":\"https:\\\/\\\/www.sylvanelle.fr\\\/index.php\\\/produit\\\/sac-ruby-velours-caramel\\\/#primaryimage\",\"url\":\"https:\\\/\\\/www.sylvanelle.fr\\\/wp-content\\\/uploads\\\/2025\\\/10\\\/DSC_0212.jpg\",\"contentUrl\":\"https:\\\/\\\/www.sylvanelle.fr\\\/wp-content\\\/uploads\\\/2025\\\/10\\\/DSC_0212.jpg\",\"width\":1365,\"height\":2048},{\"@type\":\"BreadcrumbList\",\"@id\":\"https:\\\/\\\/www.sylvanelle.fr\\\/index.php\\\/produit\\\/sac-ruby-velours-caramel\\\/#breadcrumb\",\"itemListElement\":[{\"@type\":\"ListItem\",\"position\":1,\"name\":\"Accueil\",\"item\":\"https:\\\/\\\/www.sylvanelle.fr\\\/\"},{\"@type\":\"ListItem\",\"position\":2,\"name\":\"Boutique\",\"item\":\"https:\\\/\\\/www.sylvanelle.fr\\\/index.php\\\/boutique\\\/\"},{\"@type\":\"ListItem\",\"position\":3,\"name\":\"Sac \u00e0 main Ruby en velours caramel\"}]},{\"@type\":\"WebSite\",\"@id\":\"https:\\\/\\\/www.sylvanelle.fr\\\/#website\",\"url\":\"https:\\\/\\\/www.sylvanelle.fr\\\/\",\"name\":\"Sylvanelle\",\"description\":\"\",\"publisher\":{\"@id\":\"https:\\\/\\\/www.sylvanelle.fr\\\/#organization\"},\"potentialAction\":[{\"@type\":\"SearchAction\",\"target\":{\"@type\":\"EntryPoint\",\"urlTemplate\":\"https:\\\/\\\/www.sylvanelle.fr\\\/?s={search_term_string}\"},\"query-input\":{\"@type\":\"PropertyValueSpecification\",\"valueRequired\":true,\"valueName\":\"search_term_string\"}}],\"inLanguage\":\"fr-FR\"},{\"@type\":\"Organization\",\"@id\":\"https:\\\/\\\/www.sylvanelle.fr\\\/#organization\",\"name\":\"Sylvanelle\",\"url\":\"https:\\\/\\\/www.sylvanelle.fr\\\/\",\"logo\":{\"@type\":\"ImageObject\",\"inLanguage\":\"fr-FR\",\"@id\":\"https:\\\/\\\/www.sylvanelle.fr\\\/#\\\/schema\\\/logo\\\/image\\\/\",\"url\":\"https:\\\/\\\/www.sylvanelle.fr\\\/wp-content\\\/uploads\\\/2025\\\/07\\\/cropped-path2-8-95.png\",\"contentUrl\":\"https:\\\/\\\/www.sylvanelle.fr\\\/wp-content\\\/uploads\\\/2025\\\/07\\\/cropped-path2-8-95.png\",\"width\":512,\"height\":512,\"caption\":\"Sylvanelle\"},\"image\":{\"@id\":\"https:\\\/\\\/www.sylvanelle.fr\\\/#\\\/schema\\\/logo\\\/image\\\/\"}}]}<\/script>\n<!-- \/ Yoast SEO plugin. -->","yoast_head_json":{"title":"Sac \u00e0 main Ruby en velours caramel | Sylvanelle","robots":{"index":"index","follow":"follow","max-snippet":"max-snippet:-1","max-image-preview":"max-image-preview:large","max-video-preview":"max-video-preview:-1"},"canonical":"https:\/\/www.sylvanelle.fr\/index.php\/produit\/sac-ruby-velours-caramel\/","og_locale":"fr_FR","og_type":"article","og_title":"Sac \u00e0 main Ruby en velours caramel | Sylvanelle","og_description":"Le sac \u00e0 main Ruby personnalisable est une pi\u00e8ce \u00e9l\u00e9gante et minimaliste pens\u00e9e pour accompagner votre quotidien avec style et l\u00e9g\u00e8ret\u00e9. Gr\u00e2ce \u00e0 sa bandouli\u00e8re r\u00e9glable, il se porte aussi bien \u00e0 l\u2019\u00e9paule qu\u2019en bandouli\u00e8re pour s\u2019adapter \u00e0 vos envies et \u00e0 votre rythme.  Un sac \u00e9l\u00e9gant et fonctionnel Le mod\u00e8le Ruby allie esth\u00e9tisme et praticit\u00e9 :    Fermeture zipp\u00e9e pour s\u00e9curiser vos essentiels  Deux poches int\u00e9rieures pour organiser t\u00e9l\u00e9phone, cl\u00e9s et portefeuille  Format id\u00e9al pour le quotidien  Bandouli\u00e8re ajustable pour un confort optimal  Son design \u00e9pur\u00e9 en fait un intemporel, facile \u00e0 associer \u00e0 toutes vos tenues.  Une cr\u00e9ation artisanale sur-mesure    Confection artisanale en France  Large choix de tissus et coloris  Association de 2 tissus au choix   Chaque cr\u00e9ation est confectionn\u00e9e \u00e0 la main sp\u00e9cialement pour vous.   D\u00e9lai de fabrication : 2 \u00e0 4 semaines.  Envie d\u2019un autre coloris ? Si ce velours caramel ne correspond pas \u00e0 votre coup de c\u0153ur, vous pouvez cr\u00e9er votre propre sac \u00e0 main personnalis\u00e9 en choisissant vos tissus dans la tissuth\u00e8que.","og_url":"https:\/\/www.sylvanelle.fr\/index.php\/produit\/sac-ruby-velours-caramel\/","og_site_name":"Sylvanelle","article_modified_time":"2026-02-12T20:32:32+00:00","og_image":[{"width":1365,"height":2048,"url":"https:\/\/www.sylvanelle.fr\/wp-content\/uploads\/2025\/10\/DSC_0212.jpg","type":"image\/jpeg"}],"twitter_card":"summary_large_image","twitter_misc":{"Dur\u00e9e de lecture estim\u00e9e":"2 minutes"},"schema":{"@context":"https:\/\/schema.org","@graph":[{"@type":"WebPage","@id":"https:\/\/www.sylvanelle.fr\/index.php\/produit\/sac-ruby-velours-caramel\/","url":"https:\/\/www.sylvanelle.fr\/index.php\/produit\/sac-ruby-velours-caramel\/","name":"Sac \u00e0 main Ruby en velours caramel | Sylvanelle","isPartOf":{"@id":"https:\/\/www.sylvanelle.fr\/#website"},"primaryImageOfPage":{"@id":"https:\/\/www.sylvanelle.fr\/index.php\/produit\/sac-ruby-velours-caramel\/#primaryimage"},"image":{"@id":"https:\/\/www.sylvanelle.fr\/index.php\/produit\/sac-ruby-velours-caramel\/#primaryimage"},"thumbnailUrl":"https:\/\/www.sylvanelle.fr\/wp-content\/uploads\/2025\/10\/DSC_0212.jpg","datePublished":"2025-10-08T16:07:21+00:00","dateModified":"2026-02-12T20:32:32+00:00","breadcrumb":{"@id":"https:\/\/www.sylvanelle.fr\/index.php\/produit\/sac-ruby-velours-caramel\/#breadcrumb"},"inLanguage":"fr-FR","potentialAction":[{"@type":"ReadAction","target":["https:\/\/www.sylvanelle.fr\/index.php\/produit\/sac-ruby-velours-caramel\/"]}]},{"@type":"ImageObject","inLanguage":"fr-FR","@id":"https:\/\/www.sylvanelle.fr\/index.php\/produit\/sac-ruby-velours-caramel\/#primaryimage","url":"https:\/\/www.sylvanelle.fr\/wp-content\/uploads\/2025\/10\/DSC_0212.jpg","contentUrl":"https:\/\/www.sylvanelle.fr\/wp-content\/uploads\/2025\/10\/DSC_0212.jpg","width":1365,"height":2048},{"@type":"BreadcrumbList","@id":"https:\/\/www.sylvanelle.fr\/index.php\/produit\/sac-ruby-velours-caramel\/#breadcrumb","itemListElement":[{"@type":"ListItem","position":1,"name":"Accueil","item":"https:\/\/www.sylvanelle.fr\/"},{"@type":"ListItem","position":2,"name":"Boutique","item":"https:\/\/www.sylvanelle.fr\/index.php\/boutique\/"},{"@type":"ListItem","position":3,"name":"Sac \u00e0 main Ruby en velours caramel"}]},{"@type":"WebSite","@id":"https:\/\/www.sylvanelle.fr\/#website","url":"https:\/\/www.sylvanelle.fr\/","name":"Sylvanelle","description":"","publisher":{"@id":"https:\/\/www.sylvanelle.fr\/#organization"},"potentialAction":[{"@type":"SearchAction","target":{"@type":"EntryPoint","urlTemplate":"https:\/\/www.sylvanelle.fr\/?s={search_term_string}"},"query-input":{"@type":"PropertyValueSpecification","valueRequired":true,"valueName":"search_term_string"}}],"inLanguage":"fr-FR"},{"@type":"Organization","@id":"https:\/\/www.sylvanelle.fr\/#organization","name":"Sylvanelle","url":"https:\/\/www.sylvanelle.fr\/","logo":{"@type":"ImageObject","inLanguage":"fr-FR","@id":"https:\/\/www.sylvanelle.fr\/#\/schema\/logo\/image\/","url":"https:\/\/www.sylvanelle.fr\/wp-content\/uploads\/2025\/07\/cropped-path2-8-95.png","contentUrl":"https:\/\/www.sylvanelle.fr\/wp-content\/uploads\/2025\/07\/cropped-path2-8-95.png","width":512,"height":512,"caption":"Sylvanelle"},"image":{"@id":"https:\/\/www.sylvanelle.fr\/#\/schema\/logo\/image\/"}}]}},"jetpack_sharing_enabled":true,"_links":{"self":[{"href":"https:\/\/www.sylvanelle.fr\/index.php\/wp-json\/wp\/v2\/product\/1112","targetHints":{"allow":["GET"]}}],"collection":[{"href":"https:\/\/www.sylvanelle.fr\/index.php\/wp-json\/wp\/v2\/product"}],"about":[{"href":"https:\/\/www.sylvanelle.fr\/index.php\/wp-json\/wp\/v2\/types\/product"}],"replies":[{"embeddable":true,"href":"https:\/\/www.sylvanelle.fr\/index.php\/wp-json\/wp\/v2\/comments?post=1112"}],"wp:featuredmedia":[{"embeddable":true,"href":"https:\/\/www.sylvanelle.fr\/index.php\/wp-json\/wp\/v2\/media\/1087"}],"wp:attachment":[{"href":"https:\/\/www.sylvanelle.fr\/index.php\/wp-json\/wp\/v2\/media?parent=1112"}],"wp:term":[{"taxonomy":"product_brand","embeddable":true,"href":"https:\/\/www.sylvanelle.fr\/index.php\/wp-json\/wp\/v2\/product_brand?post=1112"},{"taxonomy":"product_cat","embeddable":true,"href":"https:\/\/www.sylvanelle.fr\/index.php\/wp-json\/wp\/v2\/product_cat?post=1112"},{"taxonomy":"product_tag","embeddable":true,"href":"https:\/\/www.sylvanelle.fr\/index.php\/wp-json\/wp\/v2\/product_tag?post=1112"}],"curies":[{"name":"wp","href":"https:\/\/api.w.org\/{rel}","templated":true}]}}