{"id":1197,"date":"2025-11-02T15:25:08","date_gmt":"2025-11-02T15:25:08","guid":{"rendered":"https:\/\/www.sylvanelle.fr\/?post_type=product&#038;p=1197"},"modified":"2026-03-27T14:12:10","modified_gmt":"2026-03-27T14:12:10","slug":"trousse-de-toilette-personnalisable","status":"publish","type":"product","link":"https:\/\/www.sylvanelle.fr\/index.php\/produit\/trousse-de-toilette-personnalisable\/","title":{"rendered":"Trousse de toilette personnalis\u00e9e"},"content":{"rendered":"<p><strong><img decoding=\"async\" class=\"emoji\" role=\"img\" draggable=\"false\" src=\"https:\/\/s.w.org\/images\/core\/emoji\/17.0.2\/svg\/1f33f.svg\" alt=\"\ud83c\udf3f\" \/>Composition :<\/strong><\/p>\n<ul>\n<li>Tissu ext\u00e9rieur : 100% coton<\/li>\n<li>Tissu int\u00e9rieur : 100% coton<\/li>\n<li>Rembourrage avec de la ouate<\/li>\n<\/ul>\n<p><strong><img decoding=\"async\" class=\"emoji\" role=\"img\" draggable=\"false\" src=\"https:\/\/s.w.org\/images\/core\/emoji\/17.0.2\/svg\/1f4cf.svg\" alt=\"\ud83d\udccf\" \/> Dimensions :<\/strong> 22 x 10 x 10 cm<\/p>\n<p><strong><img decoding=\"async\" class=\"emoji\" role=\"img\" draggable=\"false\" src=\"https:\/\/s.w.org\/images\/core\/emoji\/17.0.2\/svg\/1f9fc.svg\" alt=\"\ud83e\uddfc\" \/> Conseil d\u2019entretien :<\/strong> lavage en machine \u00e0 40\u00b0 maximum.<\/p>\n<p><strong><img decoding=\"async\" class=\"emoji\" role=\"img\" draggable=\"false\" src=\"https:\/\/s.w.org\/images\/core\/emoji\/17.0.2\/svg\/1f48c.svg\" alt=\"\ud83d\udc8c\" \/> Article fabriqu\u00e9 avec le coeur sp\u00e9cialement pour vous.<\/strong><\/p>\n","protected":false},"excerpt":{"rendered":"<p data-start=\"198\" data-end=\"317\">Compacte et l\u00e9g\u00e8re, cette trousse de toilette personnalis\u00e9e est id\u00e9ale pour garder vos essentiels \u00e0 port\u00e9e de main.<\/p>\n<p data-start=\"319\" data-end=\"514\">Parfaite pour ranger vos produits skincare, votre maquillage ou vos indispensables d\u2019hygi\u00e8ne, elle trouve facilement sa place dans votre salle de bain comme dans votre valise lors de vos voyages.<\/p>\n<p data-start=\"516\" data-end=\"607\">Cousue \u00e0 la main avec sens et douceur, elle vous accompagne au quotidien avec \u00e9l\u00e9gance.<\/p>\n<p data-start=\"614\" data-end=\"643\"><strong>\u2728 Pratique et polyvalente<\/strong><\/p>\n<ul>\n<li data-start=\"647\" data-end=\"687\">Format compact et facile \u00e0 transporter<\/li>\n<li data-start=\"690\" data-end=\"743\">Id\u00e9ale pour le maquillage, les soins ou les voyages<\/li>\n<li data-start=\"746\" data-end=\"792\">Se glisse ais\u00e9ment dans un sac ou une valise<\/li>\n<li data-start=\"795\" data-end=\"834\">Accessoire aussi joli que fonctionnel<\/li>\n<\/ul>\n<p data-start=\"898\" data-end=\"939\"><strong>\ud83c\udf3f Une cr\u00e9ation artisanale sur-mesure<\/strong><\/p>\n<ul>\n<li data-start=\"943\" data-end=\"976\">Confection artisanale en France<\/li>\n<li data-start=\"979\" data-end=\"1013\">Large choix de coloris et motifs<\/li>\n<li data-start=\"1016\" data-end=\"1053\">Association de 2 tissus au choix<\/li>\n<li data-start=\"1056\" data-end=\"1155\">Possibilit\u00e9 d\u2019intervertir le tissu ext\u00e9rieur et int\u00e9rieur (\u00e0 pr\u00e9ciser dans les notes de commande)<\/li>\n<li data-start=\"1158\" data-end=\"1185\">Fabrication \u00e0 la commande<\/li>\n<\/ul>\n<p><strong><img decoding=\"async\" class=\"emoji\" role=\"img\" draggable=\"false\" src=\"https:\/\/s.w.org\/images\/core\/emoji\/17.0.2\/svg\/23f3.svg\" alt=\"\u23f3\" \/> D\u00e9lai de fabrication : 2 \u00e0 4 semaines.<\/strong><\/p>\n<p data-start=\"1329\" data-end=\"1435\">\u00c0 vous de jouer : associez vos tissus pr\u00e9f\u00e9r\u00e9s pour cr\u00e9er une trousse de toilette unique et \u00e0 votre image.<\/p>\n<p><em>Tous les tissus sont visibles dans la <a href=\"https:\/\/www.sylvanelle.fr\/index.php\/tissutheque\/\">tissuth\u00e8que<\/a>.<\/em><\/p>\n","protected":false},"featured_media":1198,"comment_status":"open","ping_status":"closed","template":"","meta":{"site-sidebar-layout":"default","site-content-layout":"","ast-site-content-layout":"default","site-content-style":"default","site-sidebar-style":"default","ast-global-header-display":"","ast-banner-title-visibility":"","ast-main-header-display":"","ast-hfb-above-header-display":"","ast-hfb-below-header-display":"","ast-hfb-mobile-header-display":"","site-post-title":"","ast-breadcrumbs-content":"","ast-featured-img":"","footer-sml-layout":"","ast-disable-related-posts":"","theme-transparent-header-meta":"default","adv-header-id-meta":"","stick-header-meta":"","header-above-stick-meta":"","header-main-stick-meta":"","header-below-stick-meta":"","astra-migrate-meta-layouts":"set","ast-page-background-enabled":"default","ast-page-background-meta":{"desktop":{"background-color":"var(--ast-global-color-5)","background-image":"","background-repeat":"repeat","background-position":"center center","background-size":"auto","background-attachment":"scroll","background-type":"","background-media":"","overlay-type":"","overlay-color":"","overlay-opacity":"","overlay-gradient":""},"tablet":{"background-color":"","background-image":"","background-repeat":"repeat","background-position":"center center","background-size":"auto","background-attachment":"scroll","background-type":"","background-media":"","overlay-type":"","overlay-color":"","overlay-opacity":"","overlay-gradient":""},"mobile":{"background-color":"","background-image":"","background-repeat":"repeat","background-position":"center center","background-size":"auto","background-attachment":"scroll","background-type":"","background-media":"","overlay-type":"","overlay-color":"","overlay-opacity":"","overlay-gradient":""}},"ast-content-background-meta":{"desktop":{"background-color":"var(--ast-global-color-4)","background-image":"","background-repeat":"repeat","background-position":"center center","background-size":"auto","background-attachment":"scroll","background-type":"","background-media":"","overlay-type":"","overlay-color":"","overlay-opacity":"","overlay-gradient":""},"tablet":{"background-color":"var(--ast-global-color-4)","background-image":"","background-repeat":"repeat","background-position":"center center","background-size":"auto","background-attachment":"scroll","background-type":"","background-media":"","overlay-type":"","overlay-color":"","overlay-opacity":"","overlay-gradient":""},"mobile":{"background-color":"var(--ast-global-color-4)","background-image":"","background-repeat":"repeat","background-position":"center center","background-size":"auto","background-attachment":"scroll","background-type":"","background-media":"","overlay-type":"","overlay-color":"","overlay-opacity":"","overlay-gradient":""}}},"product_brand":[],"product_cat":[25,92,112],"product_tag":[],"class_list":{"0":"post-1197","1":"product","2":"type-product","3":"status-publish","4":"has-post-thumbnail","6":"product_cat-accessoires","7":"product_cat-les-personnalises","8":"product_cat-trousse-de-toillette","9":"product_shipping_class-colis-leger","10":"desktop-align-center","11":"tablet-align-left","12":"mobile-align-center","14":"first","15":"instock","16":"shipping-taxable","17":"purchasable","18":"product-type-variable"},"yoast_head":"<!-- This site is optimized with the Yoast SEO plugin v27.3 - https:\/\/yoast.com\/product\/yoast-seo-wordpress\/ -->\n<title>Trousse de toilette personnalis\u00e9e | Sylvanelle<\/title>\n<meta name=\"description\" content=\"Une trousse de toilette personnalis\u00e9e \u00e0 100%, faite \u00e0 la main. C&#039;est une cr\u00e9ation artisanale 100% coton qui s&#039;adapte \u00e0 vos go\u00fbts.\" \/>\n<meta name=\"robots\" content=\"index, follow, max-snippet:-1, max-image-preview:large, max-video-preview:-1\" \/>\n<link rel=\"canonical\" href=\"https:\/\/www.sylvanelle.fr\/index.php\/produit\/trousse-de-toilette-personnalisable\/\" \/>\n<meta property=\"og:locale\" content=\"fr_FR\" \/>\n<meta property=\"og:type\" content=\"article\" \/>\n<meta property=\"og:title\" content=\"Trousse de toilette personnalis\u00e9e | Sylvanelle\" \/>\n<meta property=\"og:description\" content=\"Une trousse de toilette personnalis\u00e9e \u00e0 100%, faite \u00e0 la main. C&#039;est une cr\u00e9ation artisanale 100% coton qui s&#039;adapte \u00e0 vos go\u00fbts.\" \/>\n<meta property=\"og:url\" content=\"https:\/\/www.sylvanelle.fr\/index.php\/produit\/trousse-de-toilette-personnalisable\/\" \/>\n<meta property=\"og:site_name\" content=\"Sylvanelle\" \/>\n<meta property=\"article:modified_time\" content=\"2026-03-27T14:12:10+00:00\" \/>\n<meta property=\"og:image\" content=\"https:\/\/www.sylvanelle.fr\/wp-content\/uploads\/2025\/11\/trousse-toilette.png\" \/>\n\t<meta property=\"og:image:width\" content=\"1365\" \/>\n\t<meta property=\"og:image:height\" content=\"2048\" \/>\n\t<meta property=\"og:image:type\" content=\"image\/png\" \/>\n<meta name=\"twitter:card\" content=\"summary_large_image\" \/>\n<meta name=\"twitter:label1\" content=\"Dur\u00e9e de lecture estim\u00e9e\" \/>\n\t<meta name=\"twitter:data1\" content=\"2 minutes\" \/>\n<script type=\"application\/ld+json\" class=\"yoast-schema-graph\">{\"@context\":\"https:\\\/\\\/schema.org\",\"@graph\":[{\"@type\":\"WebPage\",\"@id\":\"https:\\\/\\\/www.sylvanelle.fr\\\/index.php\\\/produit\\\/trousse-de-toilette-personnalisable\\\/\",\"url\":\"https:\\\/\\\/www.sylvanelle.fr\\\/index.php\\\/produit\\\/trousse-de-toilette-personnalisable\\\/\",\"name\":\"Trousse de toilette personnalis\u00e9e | Sylvanelle\",\"isPartOf\":{\"@id\":\"https:\\\/\\\/www.sylvanelle.fr\\\/#website\"},\"primaryImageOfPage\":{\"@id\":\"https:\\\/\\\/www.sylvanelle.fr\\\/index.php\\\/produit\\\/trousse-de-toilette-personnalisable\\\/#primaryimage\"},\"image\":{\"@id\":\"https:\\\/\\\/www.sylvanelle.fr\\\/index.php\\\/produit\\\/trousse-de-toilette-personnalisable\\\/#primaryimage\"},\"thumbnailUrl\":\"https:\\\/\\\/www.sylvanelle.fr\\\/wp-content\\\/uploads\\\/2025\\\/11\\\/trousse-toilette.png\",\"datePublished\":\"2025-11-02T15:25:08+00:00\",\"dateModified\":\"2026-03-27T14:12:10+00:00\",\"description\":\"Une trousse de toilette personnalis\u00e9e \u00e0 100%, faite \u00e0 la main. C'est une cr\u00e9ation artisanale 100% coton qui s'adapte \u00e0 vos go\u00fbts.\",\"breadcrumb\":{\"@id\":\"https:\\\/\\\/www.sylvanelle.fr\\\/index.php\\\/produit\\\/trousse-de-toilette-personnalisable\\\/#breadcrumb\"},\"inLanguage\":\"fr-FR\",\"potentialAction\":[{\"@type\":\"ReadAction\",\"target\":[\"https:\\\/\\\/www.sylvanelle.fr\\\/index.php\\\/produit\\\/trousse-de-toilette-personnalisable\\\/\"]}]},{\"@type\":\"ImageObject\",\"inLanguage\":\"fr-FR\",\"@id\":\"https:\\\/\\\/www.sylvanelle.fr\\\/index.php\\\/produit\\\/trousse-de-toilette-personnalisable\\\/#primaryimage\",\"url\":\"https:\\\/\\\/www.sylvanelle.fr\\\/wp-content\\\/uploads\\\/2025\\\/11\\\/trousse-toilette.png\",\"contentUrl\":\"https:\\\/\\\/www.sylvanelle.fr\\\/wp-content\\\/uploads\\\/2025\\\/11\\\/trousse-toilette.png\",\"width\":1365,\"height\":2048},{\"@type\":\"BreadcrumbList\",\"@id\":\"https:\\\/\\\/www.sylvanelle.fr\\\/index.php\\\/produit\\\/trousse-de-toilette-personnalisable\\\/#breadcrumb\",\"itemListElement\":[{\"@type\":\"ListItem\",\"position\":1,\"name\":\"Accueil\",\"item\":\"https:\\\/\\\/www.sylvanelle.fr\\\/\"},{\"@type\":\"ListItem\",\"position\":2,\"name\":\"Boutique\",\"item\":\"https:\\\/\\\/www.sylvanelle.fr\\\/index.php\\\/boutique\\\/\"},{\"@type\":\"ListItem\",\"position\":3,\"name\":\"Trousse de toilette personnalis\u00e9e\"}]},{\"@type\":\"WebSite\",\"@id\":\"https:\\\/\\\/www.sylvanelle.fr\\\/#website\",\"url\":\"https:\\\/\\\/www.sylvanelle.fr\\\/\",\"name\":\"Sylvanelle\",\"description\":\"\",\"publisher\":{\"@id\":\"https:\\\/\\\/www.sylvanelle.fr\\\/#organization\"},\"potentialAction\":[{\"@type\":\"SearchAction\",\"target\":{\"@type\":\"EntryPoint\",\"urlTemplate\":\"https:\\\/\\\/www.sylvanelle.fr\\\/?s={search_term_string}\"},\"query-input\":{\"@type\":\"PropertyValueSpecification\",\"valueRequired\":true,\"valueName\":\"search_term_string\"}}],\"inLanguage\":\"fr-FR\"},{\"@type\":\"Organization\",\"@id\":\"https:\\\/\\\/www.sylvanelle.fr\\\/#organization\",\"name\":\"Sylvanelle\",\"url\":\"https:\\\/\\\/www.sylvanelle.fr\\\/\",\"logo\":{\"@type\":\"ImageObject\",\"inLanguage\":\"fr-FR\",\"@id\":\"https:\\\/\\\/www.sylvanelle.fr\\\/#\\\/schema\\\/logo\\\/image\\\/\",\"url\":\"https:\\\/\\\/www.sylvanelle.fr\\\/wp-content\\\/uploads\\\/2025\\\/07\\\/cropped-path2-8-95.png\",\"contentUrl\":\"https:\\\/\\\/www.sylvanelle.fr\\\/wp-content\\\/uploads\\\/2025\\\/07\\\/cropped-path2-8-95.png\",\"width\":512,\"height\":512,\"caption\":\"Sylvanelle\"},\"image\":{\"@id\":\"https:\\\/\\\/www.sylvanelle.fr\\\/#\\\/schema\\\/logo\\\/image\\\/\"}}]}<\/script>\n<!-- \/ Yoast SEO plugin. -->","yoast_head_json":{"title":"Trousse de toilette personnalis\u00e9e | Sylvanelle","description":"Une trousse de toilette personnalis\u00e9e \u00e0 100%, faite \u00e0 la main. C'est une cr\u00e9ation artisanale 100% coton qui s'adapte \u00e0 vos go\u00fbts.","robots":{"index":"index","follow":"follow","max-snippet":"max-snippet:-1","max-image-preview":"max-image-preview:large","max-video-preview":"max-video-preview:-1"},"canonical":"https:\/\/www.sylvanelle.fr\/index.php\/produit\/trousse-de-toilette-personnalisable\/","og_locale":"fr_FR","og_type":"article","og_title":"Trousse de toilette personnalis\u00e9e | Sylvanelle","og_description":"Une trousse de toilette personnalis\u00e9e \u00e0 100%, faite \u00e0 la main. C'est une cr\u00e9ation artisanale 100% coton qui s'adapte \u00e0 vos go\u00fbts.","og_url":"https:\/\/www.sylvanelle.fr\/index.php\/produit\/trousse-de-toilette-personnalisable\/","og_site_name":"Sylvanelle","article_modified_time":"2026-03-27T14:12:10+00:00","og_image":[{"width":1365,"height":2048,"url":"https:\/\/www.sylvanelle.fr\/wp-content\/uploads\/2025\/11\/trousse-toilette.png","type":"image\/png"}],"twitter_card":"summary_large_image","twitter_misc":{"Dur\u00e9e de lecture estim\u00e9e":"2 minutes"},"schema":{"@context":"https:\/\/schema.org","@graph":[{"@type":"WebPage","@id":"https:\/\/www.sylvanelle.fr\/index.php\/produit\/trousse-de-toilette-personnalisable\/","url":"https:\/\/www.sylvanelle.fr\/index.php\/produit\/trousse-de-toilette-personnalisable\/","name":"Trousse de toilette personnalis\u00e9e | Sylvanelle","isPartOf":{"@id":"https:\/\/www.sylvanelle.fr\/#website"},"primaryImageOfPage":{"@id":"https:\/\/www.sylvanelle.fr\/index.php\/produit\/trousse-de-toilette-personnalisable\/#primaryimage"},"image":{"@id":"https:\/\/www.sylvanelle.fr\/index.php\/produit\/trousse-de-toilette-personnalisable\/#primaryimage"},"thumbnailUrl":"https:\/\/www.sylvanelle.fr\/wp-content\/uploads\/2025\/11\/trousse-toilette.png","datePublished":"2025-11-02T15:25:08+00:00","dateModified":"2026-03-27T14:12:10+00:00","description":"Une trousse de toilette personnalis\u00e9e \u00e0 100%, faite \u00e0 la main. C'est une cr\u00e9ation artisanale 100% coton qui s'adapte \u00e0 vos go\u00fbts.","breadcrumb":{"@id":"https:\/\/www.sylvanelle.fr\/index.php\/produit\/trousse-de-toilette-personnalisable\/#breadcrumb"},"inLanguage":"fr-FR","potentialAction":[{"@type":"ReadAction","target":["https:\/\/www.sylvanelle.fr\/index.php\/produit\/trousse-de-toilette-personnalisable\/"]}]},{"@type":"ImageObject","inLanguage":"fr-FR","@id":"https:\/\/www.sylvanelle.fr\/index.php\/produit\/trousse-de-toilette-personnalisable\/#primaryimage","url":"https:\/\/www.sylvanelle.fr\/wp-content\/uploads\/2025\/11\/trousse-toilette.png","contentUrl":"https:\/\/www.sylvanelle.fr\/wp-content\/uploads\/2025\/11\/trousse-toilette.png","width":1365,"height":2048},{"@type":"BreadcrumbList","@id":"https:\/\/www.sylvanelle.fr\/index.php\/produit\/trousse-de-toilette-personnalisable\/#breadcrumb","itemListElement":[{"@type":"ListItem","position":1,"name":"Accueil","item":"https:\/\/www.sylvanelle.fr\/"},{"@type":"ListItem","position":2,"name":"Boutique","item":"https:\/\/www.sylvanelle.fr\/index.php\/boutique\/"},{"@type":"ListItem","position":3,"name":"Trousse de toilette personnalis\u00e9e"}]},{"@type":"WebSite","@id":"https:\/\/www.sylvanelle.fr\/#website","url":"https:\/\/www.sylvanelle.fr\/","name":"Sylvanelle","description":"","publisher":{"@id":"https:\/\/www.sylvanelle.fr\/#organization"},"potentialAction":[{"@type":"SearchAction","target":{"@type":"EntryPoint","urlTemplate":"https:\/\/www.sylvanelle.fr\/?s={search_term_string}"},"query-input":{"@type":"PropertyValueSpecification","valueRequired":true,"valueName":"search_term_string"}}],"inLanguage":"fr-FR"},{"@type":"Organization","@id":"https:\/\/www.sylvanelle.fr\/#organization","name":"Sylvanelle","url":"https:\/\/www.sylvanelle.fr\/","logo":{"@type":"ImageObject","inLanguage":"fr-FR","@id":"https:\/\/www.sylvanelle.fr\/#\/schema\/logo\/image\/","url":"https:\/\/www.sylvanelle.fr\/wp-content\/uploads\/2025\/07\/cropped-path2-8-95.png","contentUrl":"https:\/\/www.sylvanelle.fr\/wp-content\/uploads\/2025\/07\/cropped-path2-8-95.png","width":512,"height":512,"caption":"Sylvanelle"},"image":{"@id":"https:\/\/www.sylvanelle.fr\/#\/schema\/logo\/image\/"}}]}},"jetpack_sharing_enabled":true,"_links":{"self":[{"href":"https:\/\/www.sylvanelle.fr\/index.php\/wp-json\/wp\/v2\/product\/1197","targetHints":{"allow":["GET"]}}],"collection":[{"href":"https:\/\/www.sylvanelle.fr\/index.php\/wp-json\/wp\/v2\/product"}],"about":[{"href":"https:\/\/www.sylvanelle.fr\/index.php\/wp-json\/wp\/v2\/types\/product"}],"replies":[{"embeddable":true,"href":"https:\/\/www.sylvanelle.fr\/index.php\/wp-json\/wp\/v2\/comments?post=1197"}],"wp:featuredmedia":[{"embeddable":true,"href":"https:\/\/www.sylvanelle.fr\/index.php\/wp-json\/wp\/v2\/media\/1198"}],"wp:attachment":[{"href":"https:\/\/www.sylvanelle.fr\/index.php\/wp-json\/wp\/v2\/media?parent=1197"}],"wp:term":[{"taxonomy":"product_brand","embeddable":true,"href":"https:\/\/www.sylvanelle.fr\/index.php\/wp-json\/wp\/v2\/product_brand?post=1197"},{"taxonomy":"product_cat","embeddable":true,"href":"https:\/\/www.sylvanelle.fr\/index.php\/wp-json\/wp\/v2\/product_cat?post=1197"},{"taxonomy":"product_tag","embeddable":true,"href":"https:\/\/www.sylvanelle.fr\/index.php\/wp-json\/wp\/v2\/product_tag?post=1197"}],"curies":[{"name":"wp","href":"https:\/\/api.w.org\/{rel}","templated":true}]}}