{"id":1478,"date":"2026-01-31T17:51:29","date_gmt":"2026-01-31T17:51:29","guid":{"rendered":"https:\/\/www.sylvanelle.fr\/?post_type=product&#038;p=1478"},"modified":"2026-02-03T19:15:50","modified_gmt":"2026-02-03T19:15:50","slug":"la-trousse-coeur-amore-vieux-rose","status":"publish","type":"product","link":"https:\/\/www.sylvanelle.fr\/index.php\/produit\/la-trousse-coeur-amore-vieux-rose\/","title":{"rendered":"La trousse coeur &#8211; Amore Vieux Rose"},"content":{"rendered":"<div>\n<p><strong>Composition :<\/strong><\/p>\n<\/div>\n<ul>\n<li>Tissu ext\u00e9rieur : velours c\u00f4tel\u00e9 100% coton \u2013 Certification Oeko-Tex Stantard 100<\/li>\n<li>Tissu int\u00e9rieur : 100% coton \u2013 Certification Oeko-Tex Stantard 100<\/li>\n<li>Ouate de rembourrage<\/li>\n<\/ul>\n<div>\n<p><strong>Dimensions :<\/strong><\/p>\n<\/div>\n<div>\n<p>Au plus large du coeur :<\/p>\n<\/div>\n<ul>\n<li>Longueur : 19cm<\/li>\n<li>Largeur : 25cm<\/li>\n<li>Epaisseur : 5cm<\/li>\n<\/ul>\n<div>\n<p><strong>Article fabriqu\u00e9 avec le coeur sp\u00e9cialement pour vous.<\/strong><\/p>\n<\/div>\n","protected":false},"excerpt":{"rendered":"<div>\n<p>La trousse coeur Amore est le cadeau parfait \u00e0 offrir ou \u00e0 s\u2019offrir.<\/p>\n<\/div>\n<div>\n<p>Son velours c\u00f4tel\u00e9 100% coton et sa forme originale en font un accessoire \u00e0 la fois original et \u00e9l\u00e9gant.<\/p>\n<\/div>\n<div>\n<p>Cette trousse est id\u00e9ale pour vos affaires de toilette, votre maquillage, ou simplement pour vos affaires du quotidien.<\/p>\n<\/div>\n","protected":false},"featured_media":1453,"comment_status":"open","ping_status":"closed","template":"","meta":{"site-sidebar-layout":"default","site-content-layout":"","ast-site-content-layout":"default","site-content-style":"default","site-sidebar-style":"default","ast-global-header-display":"","ast-banner-title-visibility":"","ast-main-header-display":"","ast-hfb-above-header-display":"","ast-hfb-below-header-display":"","ast-hfb-mobile-header-display":"","site-post-title":"","ast-breadcrumbs-content":"","ast-featured-img":"","footer-sml-layout":"","ast-disable-related-posts":"","theme-transparent-header-meta":"default","adv-header-id-meta":"","stick-header-meta":"","header-above-stick-meta":"","header-main-stick-meta":"","header-below-stick-meta":"","astra-migrate-meta-layouts":"set","ast-page-background-enabled":"default","ast-page-background-meta":{"desktop":{"background-color":"var(--ast-global-color-5)","background-image":"","background-repeat":"repeat","background-position":"center center","background-size":"auto","background-attachment":"scroll","background-type":"","background-media":"","overlay-type":"","overlay-color":"","overlay-opacity":"","overlay-gradient":""},"tablet":{"background-color":"","background-image":"","background-repeat":"repeat","background-position":"center center","background-size":"auto","background-attachment":"scroll","background-type":"","background-media":"","overlay-type":"","overlay-color":"","overlay-opacity":"","overlay-gradient":""},"mobile":{"background-color":"","background-image":"","background-repeat":"repeat","background-position":"center center","background-size":"auto","background-attachment":"scroll","background-type":"","background-media":"","overlay-type":"","overlay-color":"","overlay-opacity":"","overlay-gradient":""}},"ast-content-background-meta":{"desktop":{"background-color":"var(--ast-global-color-4)","background-image":"","background-repeat":"repeat","background-position":"center center","background-size":"auto","background-attachment":"scroll","background-type":"","background-media":"","overlay-type":"","overlay-color":"","overlay-opacity":"","overlay-gradient":""},"tablet":{"background-color":"var(--ast-global-color-4)","background-image":"","background-repeat":"repeat","background-position":"center center","background-size":"auto","background-attachment":"scroll","background-type":"","background-media":"","overlay-type":"","overlay-color":"","overlay-opacity":"","overlay-gradient":""},"mobile":{"background-color":"var(--ast-global-color-4)","background-image":"","background-repeat":"repeat","background-position":"center center","background-size":"auto","background-attachment":"scroll","background-type":"","background-media":"","overlay-type":"","overlay-color":"","overlay-opacity":"","overlay-gradient":""}}},"product_brand":[],"product_cat":[113],"product_tag":[],"class_list":{"0":"post-1478","1":"product","2":"type-product","3":"status-publish","4":"has-post-thumbnail","6":"product_cat-trousse-coeur","7":"product_shipping_class-colis-leger","8":"desktop-align-center","9":"tablet-align-left","10":"mobile-align-center","12":"first","13":"instock","14":"shipping-taxable","15":"purchasable","16":"product-type-simple"},"yoast_head":"<!-- This site is optimized with the Yoast SEO plugin v27.3 - https:\/\/yoast.com\/product\/yoast-seo-wordpress\/ -->\n<title>La trousse coeur - Amore Vieux Rose | Sylvanelle<\/title>\n<meta name=\"description\" content=\"trousse coeur Amore est le cadeau parfait \u00e0 offrir ou \u00e0 s\u2019offrir. Elle est fabriqu\u00e9e en France, \u00e0 la main.\" \/>\n<meta name=\"robots\" content=\"index, follow, max-snippet:-1, max-image-preview:large, max-video-preview:-1\" \/>\n<link rel=\"canonical\" href=\"https:\/\/www.sylvanelle.fr\/index.php\/produit\/la-trousse-coeur-amore-vieux-rose\/\" \/>\n<meta property=\"og:locale\" content=\"fr_FR\" \/>\n<meta property=\"og:type\" content=\"article\" \/>\n<meta property=\"og:title\" content=\"La trousse coeur - Amore Vieux Rose | Sylvanelle\" \/>\n<meta property=\"og:description\" content=\"trousse coeur Amore est le cadeau parfait \u00e0 offrir ou \u00e0 s\u2019offrir. Elle est fabriqu\u00e9e en France, \u00e0 la main.\" \/>\n<meta property=\"og:url\" content=\"https:\/\/www.sylvanelle.fr\/index.php\/produit\/la-trousse-coeur-amore-vieux-rose\/\" \/>\n<meta property=\"og:site_name\" content=\"Sylvanelle\" \/>\n<meta property=\"article:modified_time\" content=\"2026-02-03T19:15:50+00:00\" \/>\n<meta property=\"og:image\" content=\"https:\/\/www.sylvanelle.fr\/wp-content\/uploads\/2026\/01\/DSC_0585-scaled.jpg\" \/>\n\t<meta property=\"og:image:width\" content=\"1707\" \/>\n\t<meta property=\"og:image:height\" content=\"2560\" \/>\n\t<meta property=\"og:image:type\" content=\"image\/jpeg\" \/>\n<meta name=\"twitter:card\" content=\"summary_large_image\" \/>\n<meta name=\"twitter:label1\" content=\"Dur\u00e9e de lecture estim\u00e9e\" \/>\n\t<meta name=\"twitter:data1\" content=\"1 minute\" \/>\n<script type=\"application\/ld+json\" class=\"yoast-schema-graph\">{\"@context\":\"https:\\\/\\\/schema.org\",\"@graph\":[{\"@type\":\"WebPage\",\"@id\":\"https:\\\/\\\/www.sylvanelle.fr\\\/index.php\\\/produit\\\/la-trousse-coeur-amore-vieux-rose\\\/\",\"url\":\"https:\\\/\\\/www.sylvanelle.fr\\\/index.php\\\/produit\\\/la-trousse-coeur-amore-vieux-rose\\\/\",\"name\":\"La trousse coeur - Amore Vieux Rose | Sylvanelle\",\"isPartOf\":{\"@id\":\"https:\\\/\\\/www.sylvanelle.fr\\\/#website\"},\"primaryImageOfPage\":{\"@id\":\"https:\\\/\\\/www.sylvanelle.fr\\\/index.php\\\/produit\\\/la-trousse-coeur-amore-vieux-rose\\\/#primaryimage\"},\"image\":{\"@id\":\"https:\\\/\\\/www.sylvanelle.fr\\\/index.php\\\/produit\\\/la-trousse-coeur-amore-vieux-rose\\\/#primaryimage\"},\"thumbnailUrl\":\"https:\\\/\\\/www.sylvanelle.fr\\\/wp-content\\\/uploads\\\/2026\\\/01\\\/DSC_0585-scaled.jpg\",\"datePublished\":\"2026-01-31T17:51:29+00:00\",\"dateModified\":\"2026-02-03T19:15:50+00:00\",\"description\":\"trousse coeur Amore est le cadeau parfait \u00e0 offrir ou \u00e0 s\u2019offrir. Elle est fabriqu\u00e9e en France, \u00e0 la main.\",\"breadcrumb\":{\"@id\":\"https:\\\/\\\/www.sylvanelle.fr\\\/index.php\\\/produit\\\/la-trousse-coeur-amore-vieux-rose\\\/#breadcrumb\"},\"inLanguage\":\"fr-FR\",\"potentialAction\":[{\"@type\":\"ReadAction\",\"target\":[\"https:\\\/\\\/www.sylvanelle.fr\\\/index.php\\\/produit\\\/la-trousse-coeur-amore-vieux-rose\\\/\"]}]},{\"@type\":\"ImageObject\",\"inLanguage\":\"fr-FR\",\"@id\":\"https:\\\/\\\/www.sylvanelle.fr\\\/index.php\\\/produit\\\/la-trousse-coeur-amore-vieux-rose\\\/#primaryimage\",\"url\":\"https:\\\/\\\/www.sylvanelle.fr\\\/wp-content\\\/uploads\\\/2026\\\/01\\\/DSC_0585-scaled.jpg\",\"contentUrl\":\"https:\\\/\\\/www.sylvanelle.fr\\\/wp-content\\\/uploads\\\/2026\\\/01\\\/DSC_0585-scaled.jpg\",\"width\":1707,\"height\":2560},{\"@type\":\"BreadcrumbList\",\"@id\":\"https:\\\/\\\/www.sylvanelle.fr\\\/index.php\\\/produit\\\/la-trousse-coeur-amore-vieux-rose\\\/#breadcrumb\",\"itemListElement\":[{\"@type\":\"ListItem\",\"position\":1,\"name\":\"Accueil\",\"item\":\"https:\\\/\\\/www.sylvanelle.fr\\\/\"},{\"@type\":\"ListItem\",\"position\":2,\"name\":\"Boutique\",\"item\":\"https:\\\/\\\/www.sylvanelle.fr\\\/index.php\\\/boutique\\\/\"},{\"@type\":\"ListItem\",\"position\":3,\"name\":\"La trousse coeur &#8211; Amore Vieux Rose\"}]},{\"@type\":\"WebSite\",\"@id\":\"https:\\\/\\\/www.sylvanelle.fr\\\/#website\",\"url\":\"https:\\\/\\\/www.sylvanelle.fr\\\/\",\"name\":\"Sylvanelle\",\"description\":\"\",\"publisher\":{\"@id\":\"https:\\\/\\\/www.sylvanelle.fr\\\/#organization\"},\"potentialAction\":[{\"@type\":\"SearchAction\",\"target\":{\"@type\":\"EntryPoint\",\"urlTemplate\":\"https:\\\/\\\/www.sylvanelle.fr\\\/?s={search_term_string}\"},\"query-input\":{\"@type\":\"PropertyValueSpecification\",\"valueRequired\":true,\"valueName\":\"search_term_string\"}}],\"inLanguage\":\"fr-FR\"},{\"@type\":\"Organization\",\"@id\":\"https:\\\/\\\/www.sylvanelle.fr\\\/#organization\",\"name\":\"Sylvanelle\",\"url\":\"https:\\\/\\\/www.sylvanelle.fr\\\/\",\"logo\":{\"@type\":\"ImageObject\",\"inLanguage\":\"fr-FR\",\"@id\":\"https:\\\/\\\/www.sylvanelle.fr\\\/#\\\/schema\\\/logo\\\/image\\\/\",\"url\":\"https:\\\/\\\/www.sylvanelle.fr\\\/wp-content\\\/uploads\\\/2025\\\/07\\\/cropped-path2-8-95.png\",\"contentUrl\":\"https:\\\/\\\/www.sylvanelle.fr\\\/wp-content\\\/uploads\\\/2025\\\/07\\\/cropped-path2-8-95.png\",\"width\":512,\"height\":512,\"caption\":\"Sylvanelle\"},\"image\":{\"@id\":\"https:\\\/\\\/www.sylvanelle.fr\\\/#\\\/schema\\\/logo\\\/image\\\/\"}}]}<\/script>\n<!-- \/ Yoast SEO plugin. -->","yoast_head_json":{"title":"La trousse coeur - Amore Vieux Rose | Sylvanelle","description":"trousse coeur Amore est le cadeau parfait \u00e0 offrir ou \u00e0 s\u2019offrir. Elle est fabriqu\u00e9e en France, \u00e0 la main.","robots":{"index":"index","follow":"follow","max-snippet":"max-snippet:-1","max-image-preview":"max-image-preview:large","max-video-preview":"max-video-preview:-1"},"canonical":"https:\/\/www.sylvanelle.fr\/index.php\/produit\/la-trousse-coeur-amore-vieux-rose\/","og_locale":"fr_FR","og_type":"article","og_title":"La trousse coeur - Amore Vieux Rose | Sylvanelle","og_description":"trousse coeur Amore est le cadeau parfait \u00e0 offrir ou \u00e0 s\u2019offrir. Elle est fabriqu\u00e9e en France, \u00e0 la main.","og_url":"https:\/\/www.sylvanelle.fr\/index.php\/produit\/la-trousse-coeur-amore-vieux-rose\/","og_site_name":"Sylvanelle","article_modified_time":"2026-02-03T19:15:50+00:00","og_image":[{"width":1707,"height":2560,"url":"https:\/\/www.sylvanelle.fr\/wp-content\/uploads\/2026\/01\/DSC_0585-scaled.jpg","type":"image\/jpeg"}],"twitter_card":"summary_large_image","twitter_misc":{"Dur\u00e9e de lecture estim\u00e9e":"1 minute"},"schema":{"@context":"https:\/\/schema.org","@graph":[{"@type":"WebPage","@id":"https:\/\/www.sylvanelle.fr\/index.php\/produit\/la-trousse-coeur-amore-vieux-rose\/","url":"https:\/\/www.sylvanelle.fr\/index.php\/produit\/la-trousse-coeur-amore-vieux-rose\/","name":"La trousse coeur - Amore Vieux Rose | Sylvanelle","isPartOf":{"@id":"https:\/\/www.sylvanelle.fr\/#website"},"primaryImageOfPage":{"@id":"https:\/\/www.sylvanelle.fr\/index.php\/produit\/la-trousse-coeur-amore-vieux-rose\/#primaryimage"},"image":{"@id":"https:\/\/www.sylvanelle.fr\/index.php\/produit\/la-trousse-coeur-amore-vieux-rose\/#primaryimage"},"thumbnailUrl":"https:\/\/www.sylvanelle.fr\/wp-content\/uploads\/2026\/01\/DSC_0585-scaled.jpg","datePublished":"2026-01-31T17:51:29+00:00","dateModified":"2026-02-03T19:15:50+00:00","description":"trousse coeur Amore est le cadeau parfait \u00e0 offrir ou \u00e0 s\u2019offrir. Elle est fabriqu\u00e9e en France, \u00e0 la main.","breadcrumb":{"@id":"https:\/\/www.sylvanelle.fr\/index.php\/produit\/la-trousse-coeur-amore-vieux-rose\/#breadcrumb"},"inLanguage":"fr-FR","potentialAction":[{"@type":"ReadAction","target":["https:\/\/www.sylvanelle.fr\/index.php\/produit\/la-trousse-coeur-amore-vieux-rose\/"]}]},{"@type":"ImageObject","inLanguage":"fr-FR","@id":"https:\/\/www.sylvanelle.fr\/index.php\/produit\/la-trousse-coeur-amore-vieux-rose\/#primaryimage","url":"https:\/\/www.sylvanelle.fr\/wp-content\/uploads\/2026\/01\/DSC_0585-scaled.jpg","contentUrl":"https:\/\/www.sylvanelle.fr\/wp-content\/uploads\/2026\/01\/DSC_0585-scaled.jpg","width":1707,"height":2560},{"@type":"BreadcrumbList","@id":"https:\/\/www.sylvanelle.fr\/index.php\/produit\/la-trousse-coeur-amore-vieux-rose\/#breadcrumb","itemListElement":[{"@type":"ListItem","position":1,"name":"Accueil","item":"https:\/\/www.sylvanelle.fr\/"},{"@type":"ListItem","position":2,"name":"Boutique","item":"https:\/\/www.sylvanelle.fr\/index.php\/boutique\/"},{"@type":"ListItem","position":3,"name":"La trousse coeur &#8211; Amore Vieux Rose"}]},{"@type":"WebSite","@id":"https:\/\/www.sylvanelle.fr\/#website","url":"https:\/\/www.sylvanelle.fr\/","name":"Sylvanelle","description":"","publisher":{"@id":"https:\/\/www.sylvanelle.fr\/#organization"},"potentialAction":[{"@type":"SearchAction","target":{"@type":"EntryPoint","urlTemplate":"https:\/\/www.sylvanelle.fr\/?s={search_term_string}"},"query-input":{"@type":"PropertyValueSpecification","valueRequired":true,"valueName":"search_term_string"}}],"inLanguage":"fr-FR"},{"@type":"Organization","@id":"https:\/\/www.sylvanelle.fr\/#organization","name":"Sylvanelle","url":"https:\/\/www.sylvanelle.fr\/","logo":{"@type":"ImageObject","inLanguage":"fr-FR","@id":"https:\/\/www.sylvanelle.fr\/#\/schema\/logo\/image\/","url":"https:\/\/www.sylvanelle.fr\/wp-content\/uploads\/2025\/07\/cropped-path2-8-95.png","contentUrl":"https:\/\/www.sylvanelle.fr\/wp-content\/uploads\/2025\/07\/cropped-path2-8-95.png","width":512,"height":512,"caption":"Sylvanelle"},"image":{"@id":"https:\/\/www.sylvanelle.fr\/#\/schema\/logo\/image\/"}}]}},"jetpack_sharing_enabled":true,"_links":{"self":[{"href":"https:\/\/www.sylvanelle.fr\/index.php\/wp-json\/wp\/v2\/product\/1478","targetHints":{"allow":["GET"]}}],"collection":[{"href":"https:\/\/www.sylvanelle.fr\/index.php\/wp-json\/wp\/v2\/product"}],"about":[{"href":"https:\/\/www.sylvanelle.fr\/index.php\/wp-json\/wp\/v2\/types\/product"}],"replies":[{"embeddable":true,"href":"https:\/\/www.sylvanelle.fr\/index.php\/wp-json\/wp\/v2\/comments?post=1478"}],"wp:featuredmedia":[{"embeddable":true,"href":"https:\/\/www.sylvanelle.fr\/index.php\/wp-json\/wp\/v2\/media\/1453"}],"wp:attachment":[{"href":"https:\/\/www.sylvanelle.fr\/index.php\/wp-json\/wp\/v2\/media?parent=1478"}],"wp:term":[{"taxonomy":"product_brand","embeddable":true,"href":"https:\/\/www.sylvanelle.fr\/index.php\/wp-json\/wp\/v2\/product_brand?post=1478"},{"taxonomy":"product_cat","embeddable":true,"href":"https:\/\/www.sylvanelle.fr\/index.php\/wp-json\/wp\/v2\/product_cat?post=1478"},{"taxonomy":"product_tag","embeddable":true,"href":"https:\/\/www.sylvanelle.fr\/index.php\/wp-json\/wp\/v2\/product_tag?post=1478"}],"curies":[{"name":"wp","href":"https:\/\/api.w.org\/{rel}","templated":true}]}}