{"id":1641,"date":"2026-03-15T14:39:23","date_gmt":"2026-03-15T14:39:23","guid":{"rendered":"https:\/\/www.sylvanelle.fr\/?post_type=product&#038;p=1641"},"modified":"2026-03-20T10:57:29","modified_gmt":"2026-03-20T10:57:29","slug":"sac-banane-eclosion","status":"publish","type":"product","link":"https:\/\/www.sylvanelle.fr\/index.php\/produit\/sac-banane-eclosion\/","title":{"rendered":"Sac banane \u00e9closion"},"content":{"rendered":"<p><strong><img decoding=\"async\" class=\"emoji\" role=\"img\" draggable=\"false\" src=\"https:\/\/s.w.org\/images\/core\/emoji\/17.0.2\/svg\/1f33f.svg\" alt=\"\ud83c\udf3f\" \/> Composition :<\/strong><\/p>\n<ul>\n<li>Tissu ext\u00e9rieur : 100% coton<\/li>\n<li>Rembourrage : polyester<\/li>\n<li>Tissu int\u00e9rieur : 100% coton<\/li>\n<li>Boucle coloris or<\/li>\n<\/ul>\n<p><strong><img decoding=\"async\" class=\"emoji\" role=\"img\" draggable=\"false\" src=\"https:\/\/s.w.org\/images\/core\/emoji\/17.0.2\/svg\/1f4cf.svg\" alt=\"\ud83d\udccf\" \/> Dimensions :\u00a0<\/strong><\/p>\n<p>Longueur : 44 cm (boucle non comprise)<br \/>\nHauteur : 21 cm<\/p>\n<p><strong><img decoding=\"async\" class=\"emoji\" role=\"img\" draggable=\"false\" src=\"https:\/\/s.w.org\/images\/core\/emoji\/17.0.2\/svg\/1f9fc.svg\" alt=\"\ud83e\uddfc\" \/> Conseil d\u2019entretien :<\/strong> lavage en machine \u00e0 30\u00b0 maximum, rin\u00e7age et essorage r\u00e9duit. S\u00e9chage en machine \u00e0 proscrire. Pas de lavage \u00e0 sec. Se repasse au fer froid, sans vapeur (110\u00b0).<\/p>\n<p><strong>\ud83d\udc8c Article fabriqu\u00e9 avec le coeur sp\u00e9cialement pour vous.<\/strong><\/p>\n","protected":false},"excerpt":{"rendered":"<p data-start=\"244\" data-end=\"453\">Le sac banane \u00e9closion : la libert\u00e9 en fleurs, l\u00e9g\u00e8re et d\u00e9licate \u00e0 porter au quotidien.<br \/>\nPratique et confortable gr\u00e2ce \u00e0 sa sangle ajustable 100 % coton, il vous permet d\u2019emporter l\u2019essentiel tout en gardant les mains libres.<\/p>\n<p data-start=\"455\" data-end=\"536\">Port\u00e9 en bandouli\u00e8re ou \u00e0 la taille, il s\u2019adapte \u00e0 votre rythme et \u00e0 votre style.<\/p>\n<p><strong>\u2728 Un accessoire pratique et \u00e9l\u00e9gant<\/strong><\/p>\n<ul>\n<li data-start=\"686\" data-end=\"718\">Sangle r\u00e9glable en coton 100 %<\/li>\n<li data-start=\"721\" data-end=\"778\">Petite poche int\u00e9rieure zipp\u00e9e pour vos objets pr\u00e9cieux<\/li>\n<li data-start=\"781\" data-end=\"808\">Fermeture \u00e9clair assortie<\/li>\n<li data-start=\"781\" data-end=\"808\"><span style=\"font-size: 16px;\">Boucle et passant coloris or<\/span><\/li>\n<\/ul>\n<p>Son format compact permet d\u2019y glisser t\u00e9l\u00e9phone, portefeuille, cl\u00e9s et petits indispensables du quotidien.<\/p>\n<p data-start=\"967\" data-end=\"1011\"><strong>\ud83c\udf3f Une cr\u00e9ation artisanale et sur-mesure<\/strong><\/p>\n<ul>\n<li data-start=\"1015\" data-end=\"1048\">Confection artisanale en France<\/li>\n<li data-start=\"1051\" data-end=\"1085\">Large choix de tissus et coloris<\/li>\n<li data-start=\"1088\" data-end=\"1125\">Association de 2 tissus au choix<\/li>\n<\/ul>\n<p data-start=\"1176\" data-end=\"1265\"><img decoding=\"async\" class=\"emoji\" role=\"img\" draggable=\"false\" src=\"https:\/\/s.w.org\/images\/core\/emoji\/17.0.2\/svg\/1f49a.svg\" alt=\"\ud83d\udc9a\" \/> Chaque cr\u00e9ation est confectionn\u00e9e \u00e0 la main sp\u00e9cialement pour vous.<\/p>\n<p>\u00c0 vous de jouer : associez vos tissus pr\u00e9f\u00e9r\u00e9s pour cr\u00e9er un sac banane sur-mesure qui vous accompagnera partout.<\/p>\n<p><em>Tous les tissus sont visibles dans la <a href=\"https:\/\/www.sylvanelle.fr\/index.php\/tissutheque\/\">tissuth\u00e8que<\/a>.<\/em><\/p>\n","protected":false},"featured_media":1692,"comment_status":"open","ping_status":"closed","template":"","meta":{"site-sidebar-layout":"default","site-content-layout":"","ast-site-content-layout":"default","site-content-style":"default","site-sidebar-style":"default","ast-global-header-display":"","ast-banner-title-visibility":"","ast-main-header-display":"","ast-hfb-above-header-display":"","ast-hfb-below-header-display":"","ast-hfb-mobile-header-display":"","site-post-title":"","ast-breadcrumbs-content":"","ast-featured-img":"","footer-sml-layout":"","ast-disable-related-posts":"","theme-transparent-header-meta":"default","adv-header-id-meta":"","stick-header-meta":"","header-above-stick-meta":"","header-main-stick-meta":"","header-below-stick-meta":"","astra-migrate-meta-layouts":"set","ast-page-background-enabled":"default","ast-page-background-meta":{"desktop":{"background-color":"var(--ast-global-color-5)","background-image":"","background-repeat":"repeat","background-position":"center center","background-size":"auto","background-attachment":"scroll","background-type":"","background-media":"","overlay-type":"","overlay-color":"","overlay-opacity":"","overlay-gradient":""},"tablet":{"background-color":"","background-image":"","background-repeat":"repeat","background-position":"center center","background-size":"auto","background-attachment":"scroll","background-type":"","background-media":"","overlay-type":"","overlay-color":"","overlay-opacity":"","overlay-gradient":""},"mobile":{"background-color":"","background-image":"","background-repeat":"repeat","background-position":"center center","background-size":"auto","background-attachment":"scroll","background-type":"","background-media":"","overlay-type":"","overlay-color":"","overlay-opacity":"","overlay-gradient":""}},"ast-content-background-meta":{"desktop":{"background-color":"var(--ast-global-color-4)","background-image":"","background-repeat":"repeat","background-position":"center center","background-size":"auto","background-attachment":"scroll","background-type":"","background-media":"","overlay-type":"","overlay-color":"","overlay-opacity":"","overlay-gradient":""},"tablet":{"background-color":"var(--ast-global-color-4)","background-image":"","background-repeat":"repeat","background-position":"center center","background-size":"auto","background-attachment":"scroll","background-type":"","background-media":"","overlay-type":"","overlay-color":"","overlay-opacity":"","overlay-gradient":""},"mobile":{"background-color":"var(--ast-global-color-4)","background-image":"","background-repeat":"repeat","background-position":"center center","background-size":"auto","background-attachment":"scroll","background-type":"","background-media":"","overlay-type":"","overlay-color":"","overlay-opacity":"","overlay-gradient":""}}},"product_brand":[],"product_cat":[128,96],"product_tag":[],"class_list":{"0":"post-1641","1":"product","2":"type-product","3":"status-publish","4":"has-post-thumbnail","6":"product_cat-collection-eclosion","7":"product_cat-sac-banane","8":"product_shipping_class-colis-leger","9":"desktop-align-center","10":"tablet-align-left","11":"mobile-align-center","13":"first","14":"instock","15":"shipping-taxable","16":"purchasable","17":"product-type-variable"},"yoast_head":"<!-- This site is optimized with the Yoast SEO plugin v27.3 - https:\/\/yoast.com\/product\/yoast-seo-wordpress\/ -->\n<title>Sac banane \u00e9closion | Sylvanelle<\/title>\n<meta name=\"description\" content=\"Personnalisez votre style avec ce sac banane personnalis\u00e9 en coton de qualit\u00e9. Facile \u00e0 entretenir, ajoutez-le \u00e0 votre collection maintenant !\" \/>\n<meta name=\"robots\" content=\"index, follow, max-snippet:-1, max-image-preview:large, max-video-preview:-1\" \/>\n<link rel=\"canonical\" href=\"https:\/\/www.sylvanelle.fr\/index.php\/produit\/sac-banane-eclosion\/\" \/>\n<meta property=\"og:locale\" content=\"fr_FR\" \/>\n<meta property=\"og:type\" content=\"article\" \/>\n<meta property=\"og:title\" content=\"Sac banane \u00e9closion | Sylvanelle\" \/>\n<meta property=\"og:description\" content=\"Personnalisez votre style avec ce sac banane personnalis\u00e9 en coton de qualit\u00e9. Facile \u00e0 entretenir, ajoutez-le \u00e0 votre collection maintenant !\" \/>\n<meta property=\"og:url\" content=\"https:\/\/www.sylvanelle.fr\/index.php\/produit\/sac-banane-eclosion\/\" \/>\n<meta property=\"og:site_name\" content=\"Sylvanelle\" \/>\n<meta property=\"article:modified_time\" content=\"2026-03-20T10:57:29+00:00\" \/>\n<meta property=\"og:image\" content=\"https:\/\/www.sylvanelle.fr\/wp-content\/uploads\/2026\/03\/DSC_0886-scaled.jpg\" \/>\n\t<meta property=\"og:image:width\" content=\"1707\" \/>\n\t<meta property=\"og:image:height\" content=\"2560\" \/>\n\t<meta property=\"og:image:type\" content=\"image\/jpeg\" \/>\n<meta name=\"twitter:card\" content=\"summary_large_image\" \/>\n<meta name=\"twitter:label1\" content=\"Dur\u00e9e de lecture estim\u00e9e\" \/>\n\t<meta name=\"twitter:data1\" content=\"2 minutes\" \/>\n<script type=\"application\/ld+json\" class=\"yoast-schema-graph\">{\"@context\":\"https:\\\/\\\/schema.org\",\"@graph\":[{\"@type\":\"WebPage\",\"@id\":\"https:\\\/\\\/www.sylvanelle.fr\\\/index.php\\\/produit\\\/sac-banane-eclosion\\\/\",\"url\":\"https:\\\/\\\/www.sylvanelle.fr\\\/index.php\\\/produit\\\/sac-banane-eclosion\\\/\",\"name\":\"Sac banane \u00e9closion | Sylvanelle\",\"isPartOf\":{\"@id\":\"https:\\\/\\\/www.sylvanelle.fr\\\/#website\"},\"primaryImageOfPage\":{\"@id\":\"https:\\\/\\\/www.sylvanelle.fr\\\/index.php\\\/produit\\\/sac-banane-eclosion\\\/#primaryimage\"},\"image\":{\"@id\":\"https:\\\/\\\/www.sylvanelle.fr\\\/index.php\\\/produit\\\/sac-banane-eclosion\\\/#primaryimage\"},\"thumbnailUrl\":\"https:\\\/\\\/www.sylvanelle.fr\\\/wp-content\\\/uploads\\\/2026\\\/03\\\/DSC_0886-scaled.jpg\",\"datePublished\":\"2026-03-15T14:39:23+00:00\",\"dateModified\":\"2026-03-20T10:57:29+00:00\",\"description\":\"Personnalisez votre style avec ce sac banane personnalis\u00e9 en coton de qualit\u00e9. Facile \u00e0 entretenir, ajoutez-le \u00e0 votre collection maintenant !\",\"breadcrumb\":{\"@id\":\"https:\\\/\\\/www.sylvanelle.fr\\\/index.php\\\/produit\\\/sac-banane-eclosion\\\/#breadcrumb\"},\"inLanguage\":\"fr-FR\",\"potentialAction\":[{\"@type\":\"ReadAction\",\"target\":[\"https:\\\/\\\/www.sylvanelle.fr\\\/index.php\\\/produit\\\/sac-banane-eclosion\\\/\"]}]},{\"@type\":\"ImageObject\",\"inLanguage\":\"fr-FR\",\"@id\":\"https:\\\/\\\/www.sylvanelle.fr\\\/index.php\\\/produit\\\/sac-banane-eclosion\\\/#primaryimage\",\"url\":\"https:\\\/\\\/www.sylvanelle.fr\\\/wp-content\\\/uploads\\\/2026\\\/03\\\/DSC_0886-scaled.jpg\",\"contentUrl\":\"https:\\\/\\\/www.sylvanelle.fr\\\/wp-content\\\/uploads\\\/2026\\\/03\\\/DSC_0886-scaled.jpg\",\"width\":1707,\"height\":2560},{\"@type\":\"BreadcrumbList\",\"@id\":\"https:\\\/\\\/www.sylvanelle.fr\\\/index.php\\\/produit\\\/sac-banane-eclosion\\\/#breadcrumb\",\"itemListElement\":[{\"@type\":\"ListItem\",\"position\":1,\"name\":\"Accueil\",\"item\":\"https:\\\/\\\/www.sylvanelle.fr\\\/\"},{\"@type\":\"ListItem\",\"position\":2,\"name\":\"Boutique\",\"item\":\"https:\\\/\\\/www.sylvanelle.fr\\\/index.php\\\/boutique\\\/\"},{\"@type\":\"ListItem\",\"position\":3,\"name\":\"Sac banane \u00e9closion\"}]},{\"@type\":\"WebSite\",\"@id\":\"https:\\\/\\\/www.sylvanelle.fr\\\/#website\",\"url\":\"https:\\\/\\\/www.sylvanelle.fr\\\/\",\"name\":\"Sylvanelle\",\"description\":\"\",\"publisher\":{\"@id\":\"https:\\\/\\\/www.sylvanelle.fr\\\/#organization\"},\"potentialAction\":[{\"@type\":\"SearchAction\",\"target\":{\"@type\":\"EntryPoint\",\"urlTemplate\":\"https:\\\/\\\/www.sylvanelle.fr\\\/?s={search_term_string}\"},\"query-input\":{\"@type\":\"PropertyValueSpecification\",\"valueRequired\":true,\"valueName\":\"search_term_string\"}}],\"inLanguage\":\"fr-FR\"},{\"@type\":\"Organization\",\"@id\":\"https:\\\/\\\/www.sylvanelle.fr\\\/#organization\",\"name\":\"Sylvanelle\",\"url\":\"https:\\\/\\\/www.sylvanelle.fr\\\/\",\"logo\":{\"@type\":\"ImageObject\",\"inLanguage\":\"fr-FR\",\"@id\":\"https:\\\/\\\/www.sylvanelle.fr\\\/#\\\/schema\\\/logo\\\/image\\\/\",\"url\":\"https:\\\/\\\/www.sylvanelle.fr\\\/wp-content\\\/uploads\\\/2025\\\/07\\\/cropped-path2-8-95.png\",\"contentUrl\":\"https:\\\/\\\/www.sylvanelle.fr\\\/wp-content\\\/uploads\\\/2025\\\/07\\\/cropped-path2-8-95.png\",\"width\":512,\"height\":512,\"caption\":\"Sylvanelle\"},\"image\":{\"@id\":\"https:\\\/\\\/www.sylvanelle.fr\\\/#\\\/schema\\\/logo\\\/image\\\/\"}}]}<\/script>\n<!-- \/ Yoast SEO plugin. -->","yoast_head_json":{"title":"Sac banane \u00e9closion | Sylvanelle","description":"Personnalisez votre style avec ce sac banane personnalis\u00e9 en coton de qualit\u00e9. Facile \u00e0 entretenir, ajoutez-le \u00e0 votre collection maintenant !","robots":{"index":"index","follow":"follow","max-snippet":"max-snippet:-1","max-image-preview":"max-image-preview:large","max-video-preview":"max-video-preview:-1"},"canonical":"https:\/\/www.sylvanelle.fr\/index.php\/produit\/sac-banane-eclosion\/","og_locale":"fr_FR","og_type":"article","og_title":"Sac banane \u00e9closion | Sylvanelle","og_description":"Personnalisez votre style avec ce sac banane personnalis\u00e9 en coton de qualit\u00e9. Facile \u00e0 entretenir, ajoutez-le \u00e0 votre collection maintenant !","og_url":"https:\/\/www.sylvanelle.fr\/index.php\/produit\/sac-banane-eclosion\/","og_site_name":"Sylvanelle","article_modified_time":"2026-03-20T10:57:29+00:00","og_image":[{"width":1707,"height":2560,"url":"https:\/\/www.sylvanelle.fr\/wp-content\/uploads\/2026\/03\/DSC_0886-scaled.jpg","type":"image\/jpeg"}],"twitter_card":"summary_large_image","twitter_misc":{"Dur\u00e9e de lecture estim\u00e9e":"2 minutes"},"schema":{"@context":"https:\/\/schema.org","@graph":[{"@type":"WebPage","@id":"https:\/\/www.sylvanelle.fr\/index.php\/produit\/sac-banane-eclosion\/","url":"https:\/\/www.sylvanelle.fr\/index.php\/produit\/sac-banane-eclosion\/","name":"Sac banane \u00e9closion | Sylvanelle","isPartOf":{"@id":"https:\/\/www.sylvanelle.fr\/#website"},"primaryImageOfPage":{"@id":"https:\/\/www.sylvanelle.fr\/index.php\/produit\/sac-banane-eclosion\/#primaryimage"},"image":{"@id":"https:\/\/www.sylvanelle.fr\/index.php\/produit\/sac-banane-eclosion\/#primaryimage"},"thumbnailUrl":"https:\/\/www.sylvanelle.fr\/wp-content\/uploads\/2026\/03\/DSC_0886-scaled.jpg","datePublished":"2026-03-15T14:39:23+00:00","dateModified":"2026-03-20T10:57:29+00:00","description":"Personnalisez votre style avec ce sac banane personnalis\u00e9 en coton de qualit\u00e9. Facile \u00e0 entretenir, ajoutez-le \u00e0 votre collection maintenant !","breadcrumb":{"@id":"https:\/\/www.sylvanelle.fr\/index.php\/produit\/sac-banane-eclosion\/#breadcrumb"},"inLanguage":"fr-FR","potentialAction":[{"@type":"ReadAction","target":["https:\/\/www.sylvanelle.fr\/index.php\/produit\/sac-banane-eclosion\/"]}]},{"@type":"ImageObject","inLanguage":"fr-FR","@id":"https:\/\/www.sylvanelle.fr\/index.php\/produit\/sac-banane-eclosion\/#primaryimage","url":"https:\/\/www.sylvanelle.fr\/wp-content\/uploads\/2026\/03\/DSC_0886-scaled.jpg","contentUrl":"https:\/\/www.sylvanelle.fr\/wp-content\/uploads\/2026\/03\/DSC_0886-scaled.jpg","width":1707,"height":2560},{"@type":"BreadcrumbList","@id":"https:\/\/www.sylvanelle.fr\/index.php\/produit\/sac-banane-eclosion\/#breadcrumb","itemListElement":[{"@type":"ListItem","position":1,"name":"Accueil","item":"https:\/\/www.sylvanelle.fr\/"},{"@type":"ListItem","position":2,"name":"Boutique","item":"https:\/\/www.sylvanelle.fr\/index.php\/boutique\/"},{"@type":"ListItem","position":3,"name":"Sac banane \u00e9closion"}]},{"@type":"WebSite","@id":"https:\/\/www.sylvanelle.fr\/#website","url":"https:\/\/www.sylvanelle.fr\/","name":"Sylvanelle","description":"","publisher":{"@id":"https:\/\/www.sylvanelle.fr\/#organization"},"potentialAction":[{"@type":"SearchAction","target":{"@type":"EntryPoint","urlTemplate":"https:\/\/www.sylvanelle.fr\/?s={search_term_string}"},"query-input":{"@type":"PropertyValueSpecification","valueRequired":true,"valueName":"search_term_string"}}],"inLanguage":"fr-FR"},{"@type":"Organization","@id":"https:\/\/www.sylvanelle.fr\/#organization","name":"Sylvanelle","url":"https:\/\/www.sylvanelle.fr\/","logo":{"@type":"ImageObject","inLanguage":"fr-FR","@id":"https:\/\/www.sylvanelle.fr\/#\/schema\/logo\/image\/","url":"https:\/\/www.sylvanelle.fr\/wp-content\/uploads\/2025\/07\/cropped-path2-8-95.png","contentUrl":"https:\/\/www.sylvanelle.fr\/wp-content\/uploads\/2025\/07\/cropped-path2-8-95.png","width":512,"height":512,"caption":"Sylvanelle"},"image":{"@id":"https:\/\/www.sylvanelle.fr\/#\/schema\/logo\/image\/"}}]}},"jetpack_sharing_enabled":true,"_links":{"self":[{"href":"https:\/\/www.sylvanelle.fr\/index.php\/wp-json\/wp\/v2\/product\/1641","targetHints":{"allow":["GET"]}}],"collection":[{"href":"https:\/\/www.sylvanelle.fr\/index.php\/wp-json\/wp\/v2\/product"}],"about":[{"href":"https:\/\/www.sylvanelle.fr\/index.php\/wp-json\/wp\/v2\/types\/product"}],"replies":[{"embeddable":true,"href":"https:\/\/www.sylvanelle.fr\/index.php\/wp-json\/wp\/v2\/comments?post=1641"}],"wp:featuredmedia":[{"embeddable":true,"href":"https:\/\/www.sylvanelle.fr\/index.php\/wp-json\/wp\/v2\/media\/1692"}],"wp:attachment":[{"href":"https:\/\/www.sylvanelle.fr\/index.php\/wp-json\/wp\/v2\/media?parent=1641"}],"wp:term":[{"taxonomy":"product_brand","embeddable":true,"href":"https:\/\/www.sylvanelle.fr\/index.php\/wp-json\/wp\/v2\/product_brand?post=1641"},{"taxonomy":"product_cat","embeddable":true,"href":"https:\/\/www.sylvanelle.fr\/index.php\/wp-json\/wp\/v2\/product_cat?post=1641"},{"taxonomy":"product_tag","embeddable":true,"href":"https:\/\/www.sylvanelle.fr\/index.php\/wp-json\/wp\/v2\/product_tag?post=1641"}],"curies":[{"name":"wp","href":"https:\/\/api.w.org\/{rel}","templated":true}]}}