{"id":1718,"date":"2026-03-19T10:28:08","date_gmt":"2026-03-19T10:28:08","guid":{"rendered":"https:\/\/www.sylvanelle.fr\/?post_type=product&#038;p=1718"},"modified":"2026-03-25T17:41:55","modified_gmt":"2026-03-25T17:41:55","slug":"housse-de-livre-primevere","status":"publish","type":"product","link":"https:\/\/www.sylvanelle.fr\/index.php\/produit\/housse-de-livre-primevere\/","title":{"rendered":"Housse de livre primev\u00e8re"},"content":{"rendered":"<p><strong>Composition :<\/strong><\/p>\n<ul>\n<li>Tissu ext\u00e9rieur : 100% coton<\/li>\n<li>Tissu int\u00e9rieur : 100% coton<\/li>\n<li>Rembourrage avec de la ouate<\/li>\n<\/ul>\n<p><strong>Dimensions :<\/strong> 17 x 21 cm<\/p>\n<p><strong>Conseil d\u2019entretien :<\/strong> lavage en machine \u00e0 40\u00b0 maximum.<\/p>\n<p><strong>Article fabriqu\u00e9 avec le coeur sp\u00e9cialement pour vous.<\/strong><\/p>\n","protected":false},"excerpt":{"rendered":"<p>Prot\u00e9gez vos lectures avec \u00e9l\u00e9gance avec cette housse de livre \ud83d\udcd6<\/p>\n<p>Offrez \u00e0 vos livres une protection douce et fleurie avec cette housse fabriqu\u00e9e \u00e0 la main, sp\u00e9cialement pour vous.<\/p>\n<p>Cette pochette prot\u00e9gera vos livres des t\u00e2ches et des bords cornus, vous permettant d\u2019emmener votre lecture du moment partout avec vous.<\/p>\n<p>Les housses de livre sont disponibles au <strong>format poche<\/strong> uniquement. Si vous souhaitez un format broch\u00e9, <a href=\"https:\/\/www.sylvanelle.fr\/index.php\/contact-sylvanelle\/\">contactez-moi<\/a> et nous verrons ensemble pour r\u00e9aliser la housse de votre choix.<\/p>\n","protected":false},"featured_media":1699,"comment_status":"closed","ping_status":"closed","template":"","meta":{"site-sidebar-layout":"default","site-content-layout":"","ast-site-content-layout":"default","site-content-style":"default","site-sidebar-style":"default","ast-global-header-display":"","ast-banner-title-visibility":"","ast-main-header-display":"","ast-hfb-above-header-display":"","ast-hfb-below-header-display":"","ast-hfb-mobile-header-display":"","site-post-title":"","ast-breadcrumbs-content":"","ast-featured-img":"","footer-sml-layout":"","ast-disable-related-posts":"","theme-transparent-header-meta":"default","adv-header-id-meta":"","stick-header-meta":"","header-above-stick-meta":"","header-main-stick-meta":"","header-below-stick-meta":"","astra-migrate-meta-layouts":"set","ast-page-background-enabled":"default","ast-page-background-meta":{"desktop":{"background-color":"var(--ast-global-color-5)","background-image":"","background-repeat":"repeat","background-position":"center center","background-size":"auto","background-attachment":"scroll","background-type":"","background-media":"","overlay-type":"","overlay-color":"","overlay-opacity":"","overlay-gradient":""},"tablet":{"background-color":"","background-image":"","background-repeat":"repeat","background-position":"center center","background-size":"auto","background-attachment":"scroll","background-type":"","background-media":"","overlay-type":"","overlay-color":"","overlay-opacity":"","overlay-gradient":""},"mobile":{"background-color":"","background-image":"","background-repeat":"repeat","background-position":"center center","background-size":"auto","background-attachment":"scroll","background-type":"","background-media":"","overlay-type":"","overlay-color":"","overlay-opacity":"","overlay-gradient":""}},"ast-content-background-meta":{"desktop":{"background-color":"var(--ast-global-color-4)","background-image":"","background-repeat":"repeat","background-position":"center center","background-size":"auto","background-attachment":"scroll","background-type":"","background-media":"","overlay-type":"","overlay-color":"","overlay-opacity":"","overlay-gradient":""},"tablet":{"background-color":"var(--ast-global-color-4)","background-image":"","background-repeat":"repeat","background-position":"center center","background-size":"auto","background-attachment":"scroll","background-type":"","background-media":"","overlay-type":"","overlay-color":"","overlay-opacity":"","overlay-gradient":""},"mobile":{"background-color":"var(--ast-global-color-4)","background-image":"","background-repeat":"repeat","background-position":"center center","background-size":"auto","background-attachment":"scroll","background-type":"","background-media":"","overlay-type":"","overlay-color":"","overlay-opacity":"","overlay-gradient":""}}},"product_brand":[],"product_cat":[46],"product_tag":[],"class_list":{"0":"post-1718","1":"product","2":"type-product","3":"status-publish","4":"has-post-thumbnail","6":"product_cat-housse-de-livre","7":"product_shipping_class-colis-tres-leger","8":"desktop-align-center","9":"tablet-align-left","10":"mobile-align-center","12":"first","13":"instock","14":"shipping-taxable","15":"purchasable","16":"product-type-simple"},"yoast_head":"<!-- This site is optimized with the Yoast SEO plugin v27.3 - https:\/\/yoast.com\/product\/yoast-seo-wordpress\/ -->\n<title>Housse de livre primev\u00e8re | Sylvanelle<\/title>\n<meta name=\"robots\" content=\"index, follow, max-snippet:-1, max-image-preview:large, max-video-preview:-1\" \/>\n<link rel=\"canonical\" href=\"https:\/\/www.sylvanelle.fr\/index.php\/produit\/housse-de-livre-primevere\/\" \/>\n<meta property=\"og:locale\" content=\"fr_FR\" \/>\n<meta property=\"og:type\" content=\"article\" \/>\n<meta property=\"og:title\" content=\"Housse de livre primev\u00e8re | Sylvanelle\" \/>\n<meta property=\"og:description\" content=\"Prot\u00e9gez vos lectures avec \u00e9l\u00e9gance avec cette housse de livre \ud83d\udcd6  Offrez \u00e0 vos livres une protection douce et fleurie avec cette housse fabriqu\u00e9e \u00e0 la main, sp\u00e9cialement pour vous.  Cette pochette prot\u00e9gera vos livres des t\u00e2ches et des bords cornus, vous permettant d\u2019emmener votre lecture du moment partout avec vous.  Les housses de livre sont disponibles au format poche uniquement. Si vous souhaitez un format broch\u00e9, contactez-moi et nous verrons ensemble pour r\u00e9aliser la housse de votre choix.\" \/>\n<meta property=\"og:url\" content=\"https:\/\/www.sylvanelle.fr\/index.php\/produit\/housse-de-livre-primevere\/\" \/>\n<meta property=\"og:site_name\" content=\"Sylvanelle\" \/>\n<meta property=\"article:modified_time\" content=\"2026-03-25T17:41:55+00:00\" \/>\n<meta property=\"og:image\" content=\"https:\/\/www.sylvanelle.fr\/wp-content\/uploads\/2026\/03\/DSC_0899-scaled.jpg\" \/>\n\t<meta property=\"og:image:width\" content=\"1707\" \/>\n\t<meta property=\"og:image:height\" content=\"2560\" \/>\n\t<meta property=\"og:image:type\" content=\"image\/jpeg\" \/>\n<meta name=\"twitter:card\" content=\"summary_large_image\" \/>\n<meta name=\"twitter:label1\" content=\"Dur\u00e9e de lecture estim\u00e9e\" \/>\n\t<meta name=\"twitter:data1\" content=\"1 minute\" \/>\n<script type=\"application\/ld+json\" class=\"yoast-schema-graph\">{\"@context\":\"https:\\\/\\\/schema.org\",\"@graph\":[{\"@type\":\"WebPage\",\"@id\":\"https:\\\/\\\/www.sylvanelle.fr\\\/index.php\\\/produit\\\/housse-de-livre-primevere\\\/\",\"url\":\"https:\\\/\\\/www.sylvanelle.fr\\\/index.php\\\/produit\\\/housse-de-livre-primevere\\\/\",\"name\":\"Housse de livre primev\u00e8re | Sylvanelle\",\"isPartOf\":{\"@id\":\"https:\\\/\\\/www.sylvanelle.fr\\\/#website\"},\"primaryImageOfPage\":{\"@id\":\"https:\\\/\\\/www.sylvanelle.fr\\\/index.php\\\/produit\\\/housse-de-livre-primevere\\\/#primaryimage\"},\"image\":{\"@id\":\"https:\\\/\\\/www.sylvanelle.fr\\\/index.php\\\/produit\\\/housse-de-livre-primevere\\\/#primaryimage\"},\"thumbnailUrl\":\"https:\\\/\\\/www.sylvanelle.fr\\\/wp-content\\\/uploads\\\/2026\\\/03\\\/DSC_0899-scaled.jpg\",\"datePublished\":\"2026-03-19T10:28:08+00:00\",\"dateModified\":\"2026-03-25T17:41:55+00:00\",\"breadcrumb\":{\"@id\":\"https:\\\/\\\/www.sylvanelle.fr\\\/index.php\\\/produit\\\/housse-de-livre-primevere\\\/#breadcrumb\"},\"inLanguage\":\"fr-FR\",\"potentialAction\":[{\"@type\":\"ReadAction\",\"target\":[\"https:\\\/\\\/www.sylvanelle.fr\\\/index.php\\\/produit\\\/housse-de-livre-primevere\\\/\"]}]},{\"@type\":\"ImageObject\",\"inLanguage\":\"fr-FR\",\"@id\":\"https:\\\/\\\/www.sylvanelle.fr\\\/index.php\\\/produit\\\/housse-de-livre-primevere\\\/#primaryimage\",\"url\":\"https:\\\/\\\/www.sylvanelle.fr\\\/wp-content\\\/uploads\\\/2026\\\/03\\\/DSC_0899-scaled.jpg\",\"contentUrl\":\"https:\\\/\\\/www.sylvanelle.fr\\\/wp-content\\\/uploads\\\/2026\\\/03\\\/DSC_0899-scaled.jpg\",\"width\":1707,\"height\":2560},{\"@type\":\"BreadcrumbList\",\"@id\":\"https:\\\/\\\/www.sylvanelle.fr\\\/index.php\\\/produit\\\/housse-de-livre-primevere\\\/#breadcrumb\",\"itemListElement\":[{\"@type\":\"ListItem\",\"position\":1,\"name\":\"Accueil\",\"item\":\"https:\\\/\\\/www.sylvanelle.fr\\\/\"},{\"@type\":\"ListItem\",\"position\":2,\"name\":\"Boutique\",\"item\":\"https:\\\/\\\/www.sylvanelle.fr\\\/index.php\\\/boutique\\\/\"},{\"@type\":\"ListItem\",\"position\":3,\"name\":\"Housse de livre primev\u00e8re\"}]},{\"@type\":\"WebSite\",\"@id\":\"https:\\\/\\\/www.sylvanelle.fr\\\/#website\",\"url\":\"https:\\\/\\\/www.sylvanelle.fr\\\/\",\"name\":\"Sylvanelle\",\"description\":\"\",\"publisher\":{\"@id\":\"https:\\\/\\\/www.sylvanelle.fr\\\/#organization\"},\"potentialAction\":[{\"@type\":\"SearchAction\",\"target\":{\"@type\":\"EntryPoint\",\"urlTemplate\":\"https:\\\/\\\/www.sylvanelle.fr\\\/?s={search_term_string}\"},\"query-input\":{\"@type\":\"PropertyValueSpecification\",\"valueRequired\":true,\"valueName\":\"search_term_string\"}}],\"inLanguage\":\"fr-FR\"},{\"@type\":\"Organization\",\"@id\":\"https:\\\/\\\/www.sylvanelle.fr\\\/#organization\",\"name\":\"Sylvanelle\",\"url\":\"https:\\\/\\\/www.sylvanelle.fr\\\/\",\"logo\":{\"@type\":\"ImageObject\",\"inLanguage\":\"fr-FR\",\"@id\":\"https:\\\/\\\/www.sylvanelle.fr\\\/#\\\/schema\\\/logo\\\/image\\\/\",\"url\":\"https:\\\/\\\/www.sylvanelle.fr\\\/wp-content\\\/uploads\\\/2025\\\/07\\\/cropped-path2-8-95.png\",\"contentUrl\":\"https:\\\/\\\/www.sylvanelle.fr\\\/wp-content\\\/uploads\\\/2025\\\/07\\\/cropped-path2-8-95.png\",\"width\":512,\"height\":512,\"caption\":\"Sylvanelle\"},\"image\":{\"@id\":\"https:\\\/\\\/www.sylvanelle.fr\\\/#\\\/schema\\\/logo\\\/image\\\/\"}}]}<\/script>\n<!-- \/ Yoast SEO plugin. -->","yoast_head_json":{"title":"Housse de livre primev\u00e8re | Sylvanelle","robots":{"index":"index","follow":"follow","max-snippet":"max-snippet:-1","max-image-preview":"max-image-preview:large","max-video-preview":"max-video-preview:-1"},"canonical":"https:\/\/www.sylvanelle.fr\/index.php\/produit\/housse-de-livre-primevere\/","og_locale":"fr_FR","og_type":"article","og_title":"Housse de livre primev\u00e8re | Sylvanelle","og_description":"Prot\u00e9gez vos lectures avec \u00e9l\u00e9gance avec cette housse de livre \ud83d\udcd6  Offrez \u00e0 vos livres une protection douce et fleurie avec cette housse fabriqu\u00e9e \u00e0 la main, sp\u00e9cialement pour vous.  Cette pochette prot\u00e9gera vos livres des t\u00e2ches et des bords cornus, vous permettant d\u2019emmener votre lecture du moment partout avec vous.  Les housses de livre sont disponibles au format poche uniquement. Si vous souhaitez un format broch\u00e9, contactez-moi et nous verrons ensemble pour r\u00e9aliser la housse de votre choix.","og_url":"https:\/\/www.sylvanelle.fr\/index.php\/produit\/housse-de-livre-primevere\/","og_site_name":"Sylvanelle","article_modified_time":"2026-03-25T17:41:55+00:00","og_image":[{"width":1707,"height":2560,"url":"https:\/\/www.sylvanelle.fr\/wp-content\/uploads\/2026\/03\/DSC_0899-scaled.jpg","type":"image\/jpeg"}],"twitter_card":"summary_large_image","twitter_misc":{"Dur\u00e9e de lecture estim\u00e9e":"1 minute"},"schema":{"@context":"https:\/\/schema.org","@graph":[{"@type":"WebPage","@id":"https:\/\/www.sylvanelle.fr\/index.php\/produit\/housse-de-livre-primevere\/","url":"https:\/\/www.sylvanelle.fr\/index.php\/produit\/housse-de-livre-primevere\/","name":"Housse de livre primev\u00e8re | Sylvanelle","isPartOf":{"@id":"https:\/\/www.sylvanelle.fr\/#website"},"primaryImageOfPage":{"@id":"https:\/\/www.sylvanelle.fr\/index.php\/produit\/housse-de-livre-primevere\/#primaryimage"},"image":{"@id":"https:\/\/www.sylvanelle.fr\/index.php\/produit\/housse-de-livre-primevere\/#primaryimage"},"thumbnailUrl":"https:\/\/www.sylvanelle.fr\/wp-content\/uploads\/2026\/03\/DSC_0899-scaled.jpg","datePublished":"2026-03-19T10:28:08+00:00","dateModified":"2026-03-25T17:41:55+00:00","breadcrumb":{"@id":"https:\/\/www.sylvanelle.fr\/index.php\/produit\/housse-de-livre-primevere\/#breadcrumb"},"inLanguage":"fr-FR","potentialAction":[{"@type":"ReadAction","target":["https:\/\/www.sylvanelle.fr\/index.php\/produit\/housse-de-livre-primevere\/"]}]},{"@type":"ImageObject","inLanguage":"fr-FR","@id":"https:\/\/www.sylvanelle.fr\/index.php\/produit\/housse-de-livre-primevere\/#primaryimage","url":"https:\/\/www.sylvanelle.fr\/wp-content\/uploads\/2026\/03\/DSC_0899-scaled.jpg","contentUrl":"https:\/\/www.sylvanelle.fr\/wp-content\/uploads\/2026\/03\/DSC_0899-scaled.jpg","width":1707,"height":2560},{"@type":"BreadcrumbList","@id":"https:\/\/www.sylvanelle.fr\/index.php\/produit\/housse-de-livre-primevere\/#breadcrumb","itemListElement":[{"@type":"ListItem","position":1,"name":"Accueil","item":"https:\/\/www.sylvanelle.fr\/"},{"@type":"ListItem","position":2,"name":"Boutique","item":"https:\/\/www.sylvanelle.fr\/index.php\/boutique\/"},{"@type":"ListItem","position":3,"name":"Housse de livre primev\u00e8re"}]},{"@type":"WebSite","@id":"https:\/\/www.sylvanelle.fr\/#website","url":"https:\/\/www.sylvanelle.fr\/","name":"Sylvanelle","description":"","publisher":{"@id":"https:\/\/www.sylvanelle.fr\/#organization"},"potentialAction":[{"@type":"SearchAction","target":{"@type":"EntryPoint","urlTemplate":"https:\/\/www.sylvanelle.fr\/?s={search_term_string}"},"query-input":{"@type":"PropertyValueSpecification","valueRequired":true,"valueName":"search_term_string"}}],"inLanguage":"fr-FR"},{"@type":"Organization","@id":"https:\/\/www.sylvanelle.fr\/#organization","name":"Sylvanelle","url":"https:\/\/www.sylvanelle.fr\/","logo":{"@type":"ImageObject","inLanguage":"fr-FR","@id":"https:\/\/www.sylvanelle.fr\/#\/schema\/logo\/image\/","url":"https:\/\/www.sylvanelle.fr\/wp-content\/uploads\/2025\/07\/cropped-path2-8-95.png","contentUrl":"https:\/\/www.sylvanelle.fr\/wp-content\/uploads\/2025\/07\/cropped-path2-8-95.png","width":512,"height":512,"caption":"Sylvanelle"},"image":{"@id":"https:\/\/www.sylvanelle.fr\/#\/schema\/logo\/image\/"}}]}},"jetpack_sharing_enabled":true,"_links":{"self":[{"href":"https:\/\/www.sylvanelle.fr\/index.php\/wp-json\/wp\/v2\/product\/1718","targetHints":{"allow":["GET"]}}],"collection":[{"href":"https:\/\/www.sylvanelle.fr\/index.php\/wp-json\/wp\/v2\/product"}],"about":[{"href":"https:\/\/www.sylvanelle.fr\/index.php\/wp-json\/wp\/v2\/types\/product"}],"replies":[{"embeddable":true,"href":"https:\/\/www.sylvanelle.fr\/index.php\/wp-json\/wp\/v2\/comments?post=1718"}],"wp:featuredmedia":[{"embeddable":true,"href":"https:\/\/www.sylvanelle.fr\/index.php\/wp-json\/wp\/v2\/media\/1699"}],"wp:attachment":[{"href":"https:\/\/www.sylvanelle.fr\/index.php\/wp-json\/wp\/v2\/media?parent=1718"}],"wp:term":[{"taxonomy":"product_brand","embeddable":true,"href":"https:\/\/www.sylvanelle.fr\/index.php\/wp-json\/wp\/v2\/product_brand?post=1718"},{"taxonomy":"product_cat","embeddable":true,"href":"https:\/\/www.sylvanelle.fr\/index.php\/wp-json\/wp\/v2\/product_cat?post=1718"},{"taxonomy":"product_tag","embeddable":true,"href":"https:\/\/www.sylvanelle.fr\/index.php\/wp-json\/wp\/v2\/product_tag?post=1718"}],"curies":[{"name":"wp","href":"https:\/\/api.w.org\/{rel}","templated":true}]}}